{"id":29,"date":"2026-05-08T04:31:29","date_gmt":"2026-05-08T04:31:29","guid":{"rendered":"https:\/\/lv88tv.com\/?page_id=29"},"modified":"2026-05-14T01:10:09","modified_gmt":"2026-05-14T01:10:09","slug":"xo-so","status":"publish","type":"page","link":"https:\/\/lv88tv.com\/index.php\/xo-so\/","title":{"rendered":"X\u1ed5 s\u1ed1"},"content":{"rendered":"<h1 style=\"text-align: center;\"><b>X\u1ed5 S\u1ed1 &#8211; S\u1ea3nh Ch\u01a1i Uy T\u00edn, Ch\u1ea5t L\u01b0\u1ee3ng Top 1 Vi\u1ec7t Nam<\/b><\/h1>\n<p><a href=\"https:\/\/lv88tv.com\/xo-so\/\"><b>X\u1ed5 s\u1ed1<\/b><\/a><span style=\"font-weight: 400;\"> tr\u1ef1c tuy\u1ebfn \u0111ang thu h\u00fat h\u00e0ng tri\u1ec7u l\u01b0\u1ee3t tham gia m\u1ed7i tu\u1ea7n nh\u1edd k\u1ef3 quay li\u00ean t\u1ee5c, minh b\u1ea1ch. <a href=\"https:\/\/lv88tv.com\/\"><strong>LV88<\/strong><\/a> cung c\u1ea5p s\u1ea3nh XS \u0111a d\u1ea1ng v\u1edbi nhi\u1ec1u \u0111\u01a1n v\u1ecb ph\u00e1t h\u00e0nh l\u1edbn trong n\u01b0\u1edbc. H\u00e3y theo d\u00f5i b\u00e0i vi\u1ebft \u0111\u1ec3 n\u1eafm \u0111\u1ea7y \u0111\u1ee7 th\u00f4ng tin tr\u01b0\u1edbc khi tham gia.<\/span><\/p>\n<h2><b>X\u1ed5 s\u1ed1 t\u1ea1i LV88 &#8211; Th\u00f4ng tin gi\u1edbi thi\u1ec7u t\u1ed5ng quan s\u1ea3nh ch\u01a1i<\/b><\/h2>\n<p><b>X\u1ed5 s\u1ed1 <\/b><span style=\"font-weight: 400;\">tr\u1ef1c tuy\u1ebfn t\u1ea1i LV88 v\u1eadn h\u00e0nh theo chu\u1ea9n k\u1ebft qu\u1ea3 ch\u00ednh th\u1ee9c t\u1eeb c\u00e1c \u0111\u00e0i ph\u00e1t h\u00e0nh \u0111\u01b0\u1ee3c nh\u00e0 n\u01b0\u1edbc c\u1ea5p ph\u00e9p. S\u1ea3nh h\u1ed7 tr\u1ee3 \u0111\u1eb7t c\u01b0\u1ee3c tr\u01b0\u1edbc gi\u1edd quay t\u1eeb 15-30 ph\u00fat, k\u1ebft qu\u1ea3 c\u1eadp nh\u1eadt t\u1ef1 \u0111\u1ed9ng ngay sau khi \u0111\u00e0i c\u00f4ng b\u1ed1. H\u1ed9i vi\u00ean theo d\u00f5i l\u1ecbch quay, ki\u1ec3m tra k\u1ebft qu\u1ea3 k\u00e8m tra c\u1ee9u l\u1ecbch s\u1eed c\u01b0\u1ee3c tr\u1ef1c ti\u1ebfp trong t\u00e0i kho\u1ea3n.<\/span><\/p>\n<p><span style=\"font-weight: 400;\">D\u01b0\u1edbi \u0111\u00e2y l\u00e0 c\u00e1c \u0111i\u1ec3m n\u1ed5i b\u1eadt c\u1ee7a s\u1ea3nh XS gi\u00fap h\u1ed9i vi\u00ean n\u1eafm nhanh tr\u01b0\u1edbc khi \u0111\u1eb7t c\u01b0\u1ee3c:<\/span><\/p>\n<ul>\n<li style=\"font-weight: 400;\" aria-level=\"1\"><span style=\"font-weight: 400;\">K\u1ebft qu\u1ea3 \u0111\u1ed3ng b\u1ed9 tr\u1ef1c ti\u1ebfp t\u1eeb \u0111\u00e0i ph\u00e1t h\u00e0nh ch\u00ednh th\u1ee9c, kh\u00f4ng qua trung gian.<\/span><\/li>\n<li style=\"font-weight: 400;\" aria-level=\"1\"><span style=\"font-weight: 400;\">L\u1ecbch quay ph\u1ee7 \u0111\u1ea7y 3 mi\u1ec1n B\u1eafc, Trung, Nam m\u1ed7i ng\u00e0y trong tu\u1ea7n.<\/span><\/li>\n<li style=\"font-weight: 400;\" aria-level=\"1\"><span style=\"font-weight: 400;\">Giao di\u1ec7n tra c\u1ee9u k\u1ebft qu\u1ea3 theo ng\u00e0y, theo \u0111\u00e0i, theo lo\u1ea1i XS ri\u00eang bi\u1ec7t.<\/span><\/li>\n<li style=\"font-weight: 400;\" aria-level=\"1\"><span style=\"font-weight: 400;\">H\u1ea1n m\u1ee9c \u0111\u1eb7t c\u01b0\u1ee3c linh ho\u1ea1t, ph\u00f9 h\u1ee3p c\u1ea3 h\u1ed9i vi\u00ean m\u1edbi l\u1eabn h\u1ed9i vi\u00ean l\u00e2u n\u0103m.<\/span><\/li>\n<li style=\"font-weight: 400;\" aria-level=\"1\"><span style=\"font-weight: 400;\">L\u1ecbch s\u1eed giao d\u1ecbch l\u01b0u \u0111\u1ea7y \u0111\u1ee7 theo t\u1eebng k\u1ef3, h\u1ed7 tr\u1ee3 \u0111\u1ed1i so\u00e1t nhanh.<\/span><\/li>\n<li style=\"font-weight: 400;\" aria-level=\"1\"><span style=\"font-weight: 400;\">Th\u00f4ng b\u00e1o k\u1ebft qu\u1ea3 t\u1ef1 \u0111\u1ed9ng qua t\u00e0i kho\u1ea3n ngay khi \u0111\u00e0i c\u00f4ng b\u1ed1 ch\u00ednh th\u1ee9c.<\/span><\/li>\n<\/ul>\n<figure id=\"attachment_125\" aria-describedby=\"caption-attachment-125\" style=\"width: 800px\" class=\"wp-caption aligncenter\"><img loading=\"lazy\" decoding=\"async\" class=\"size-full wp-image-125\" src=\"https:\/\/lv88tv.com\/wp-content\/uploads\/2026\/05\/thong-tin-khai-quat-chinh-xac-nhat-ve-danh-muc-xo-so.webp\" alt=\"Th\u00f4ng tin kh\u00e1i qu\u00e1t ch\u00ednh x\u00e1c nh\u1ea5t v\u1ec1 danh m\u1ee5c x\u1ed5 s\u1ed1\" width=\"800\" height=\"400\" srcset=\"https:\/\/lv88tv.com\/wp-content\/uploads\/2026\/05\/thong-tin-khai-quat-chinh-xac-nhat-ve-danh-muc-xo-so.webp 800w, https:\/\/lv88tv.com\/wp-content\/uploads\/2026\/05\/thong-tin-khai-quat-chinh-xac-nhat-ve-danh-muc-xo-so-300x150.webp 300w, https:\/\/lv88tv.com\/wp-content\/uploads\/2026\/05\/thong-tin-khai-quat-chinh-xac-nhat-ve-danh-muc-xo-so-768x384.webp 768w\" sizes=\"auto, (max-width: 800px) 100vw, 800px\" \/><figcaption id=\"caption-attachment-125\" class=\"wp-caption-text\">Th\u00f4ng tin kh\u00e1i qu\u00e1t ch\u00ednh x\u00e1c nh\u1ea5t v\u1ec1 danh m\u1ee5c x\u1ed5 s\u1ed1<\/figcaption><\/figure>\n<h2><b>\u01afu \u0111i\u1ec3m n\u1ed5i b\u1eadt khi ch\u01a1i x\u1ed5 s\u1ed1 tr\u1ef1c tuy\u1ebfn l\u00e0 g\u00ec<\/b><\/h2>\n<p><span style=\"font-weight: 400;\">X\u1ed5 s\u1ed1 tr\u1ef1c tuy\u1ebfn mang l\u1ea1i tr\u1ea3i nghi\u1ec7m kh\u00e1c bi\u1ec7t so v\u1edbi mua v\u00e9 truy\u1ec1n th\u1ed1ng nh\u1edd t\u1ed1c \u0111\u1ed9 x\u1eed l\u00fd k\u00e8m t\u00ednh minh b\u1ea1ch cao. H\u1ed9i vi\u00ean kh\u00f4ng c\u1ea7n gi\u1eef v\u00e9 v\u1eadt l\u00fd v\u00ec m\u1ecdi d\u1eef li\u1ec7u c\u01b0\u1ee3c \u0111\u01b0\u1ee3c l\u01b0u tr\u00ean h\u1ec7 th\u1ed1ng.<\/span><\/p>\n<h3><b>T\u1ef7 l\u1ec7 tr\u1ea3 th\u01b0\u1edfng<\/b><\/h3>\n<p><span style=\"font-weight: 400;\">T\u1ef7 l\u1ec7 tr\u1ea3 th\u01b0\u1edfng chuy\u00ean m\u1ee5c XS tr\u1ef1c tuy\u1ebfn dao \u0111\u1ed9ng t\u1eeb 70-75% t\u00f9y lo\u1ea1i h\u00ecnh \u0111\u1eb7t c\u01b0\u1ee3c v\u1edbi m\u1ee9c gi\u1ea3i \u0111\u1eb7c bi\u1ec7t cao nh\u1ea5t l\u00ean t\u1edbi h\u00e0ng t\u1ef7 \u0111\u1ed3ng. C\u00e1c lo\u1ea1i c\u01b0\u1ee3c nh\u01b0 \u0111\u1ec1 \u0111\u1ea7u, \u0111\u1ec1 \u0111u\u00f4i, l\u00f4 2 s\u1ed1 c\u00f3 t\u1ef7 l\u1ec7 \u0103n t\u1eeb 75-80 l\u1ea7n m\u1ec7nh gi\u00e1 \u0111\u1eb7t. K\u1ebft qu\u1ea3 tr\u00f9ng kh\u1edbp \u0111\u01b0\u1ee3c h\u1ec7 th\u1ed1ng x\u00e1c nh\u1eadn t\u1ef1 \u0111\u1ed9ng, ti\u1ec1n th\u01b0\u1edfng c\u1ed9ng v\u00e0o t\u00e0i kho\u1ea3n trong v\u00f2ng 5-10 ph\u00fat.<\/span><\/p>\n<h3><b>T\u1ed1c \u0111\u1ed9 quay th\u01b0\u1edfng<\/b><\/h3>\n<p><span style=\"font-weight: 400;\">C\u00e1c \u0111\u00e0i XS ph\u00e1t s\u00f3ng tr\u1ef1c ti\u1ebfp h\u1eb1ng ng\u00e0y v\u1edbi l\u1ecbch quay c\u1ed1 \u0111\u1ecbnh t\u1eeb 16:00-18:30 t\u00f9y mi\u1ec1n. H\u1ec7 th\u1ed1ng x\u1eed l\u00fd k\u1ebft qu\u1ea3 k\u00e8m c\u1eadp nh\u1eadt tr\u1ea1ng th\u00e1i c\u01b0\u1ee3c trong v\u00f2ng 2-3 ph\u00fat sau khi \u0111\u00e0i k\u1ebft th\u00fac. H\u1ed9i vi\u00ean nh\u1eadn th\u00f4ng b\u00e1o th\u1eafng thua ngay tr\u00ean giao di\u1ec7n m\u00e0 kh\u00f4ng c\u1ea7n t\u1ef1 tra c\u1ee9u th\u1ee7 c\u00f4ng.<\/span><\/p>\n<h3><b>H\u1ea1n m\u1ee9c \u0111\u1eb7t c\u01b0\u1ee3c<\/b><\/h3>\n<p><span style=\"font-weight: 400;\">Hai c\u00e2u bridge tr\u01b0\u1edbc b\u1ea3ng: H\u1ea1n m\u1ee9c \u0111\u1eb7t c\u01b0\u1ee3c t\u1ea1i s\u1ea3nh <\/span><b>x\u1ed5 s\u1ed1<\/b><span style=\"font-weight: 400;\"> \u0111\u01b0\u1ee3c thi\u1ebft k\u1ebf theo t\u1eebng lo\u1ea1i h\u00ecnh v\u1edbi m\u1ee9c t\u1ed1i thi\u1ec3u th\u1ea5p, ph\u00f9 h\u1ee3p nhi\u1ec1u \u0111\u1ed1i t\u01b0\u1ee3ng. B\u1ea3ng d\u01b0\u1edbi \u0111\u00e2y t\u1ed5ng h\u1ee3p m\u1ee9c \u0111\u1eb7t c\u01b0\u1ee3c theo t\u1eebng lo\u1ea1i c\u1ee5 th\u1ec3:<\/span><\/p>\n<table>\n<tbody>\n<tr>\n<td><span style=\"font-weight: 400;\">Lo\u1ea1i c\u01b0\u1ee3c<\/span><\/td>\n<td><span style=\"font-weight: 400;\">T\u1ed1i thi\u1ec3u<\/span><\/td>\n<td><span style=\"font-weight: 400;\">T\u1ed1i \u0111a<\/span><\/td>\n<td><span style=\"font-weight: 400;\">T\u1ef7 l\u1ec7 th\u1eafng<\/span><\/td>\n<\/tr>\n<tr>\n<td><span style=\"font-weight: 400;\">L\u00f4 2 s\u1ed1<\/span><\/td>\n<td><span style=\"font-weight: 400;\">1.000\u0111<\/span><\/td>\n<td><span style=\"font-weight: 400;\">10.000.000\u0111<\/span><\/td>\n<td><span style=\"font-weight: 400;\">75x<\/span><\/td>\n<\/tr>\n<tr>\n<td><span style=\"font-weight: 400;\">\u0110\u1ec1 \u0111\u1ea7u \u0111u\u00f4i<\/span><\/td>\n<td><span style=\"font-weight: 400;\">1.000\u0111<\/span><\/td>\n<td><span style=\"font-weight: 400;\">5.000.000\u0111<\/span><\/td>\n<td><span style=\"font-weight: 400;\">80x<\/span><\/td>\n<\/tr>\n<tr>\n<td><span style=\"font-weight: 400;\">L\u00f4 3 s\u1ed1<\/span><\/td>\n<td><span style=\"font-weight: 400;\">2.000\u0111<\/span><\/td>\n<td><span style=\"font-weight: 400;\">5.000.000\u0111<\/span><\/td>\n<td><span style=\"font-weight: 400;\">650x<\/span><\/td>\n<\/tr>\n<tr>\n<td><span style=\"font-weight: 400;\">\u0110\u1ea7u \u0111u\u00f4i 4 s\u1ed1<\/span><\/td>\n<td><span style=\"font-weight: 400;\">5.000\u0111<\/span><\/td>\n<td><span style=\"font-weight: 400;\">2.000.000\u0111<\/span><\/td>\n<td><span style=\"font-weight: 400;\">5.000x<\/span><\/td>\n<\/tr>\n<tr>\n<td><span style=\"font-weight: 400;\">Xi\u00ean 2<\/span><\/td>\n<td><span style=\"font-weight: 400;\">1.000\u0111<\/span><\/td>\n<td><span style=\"font-weight: 400;\">3.000.000\u0111<\/span><\/td>\n<td><span style=\"font-weight: 400;\">14x<\/span><\/td>\n<\/tr>\n<\/tbody>\n<\/table>\n<figure id=\"attachment_124\" aria-describedby=\"caption-attachment-124\" style=\"width: 800px\" class=\"wp-caption aligncenter\"><img loading=\"lazy\" decoding=\"async\" class=\"size-full wp-image-124\" src=\"https:\/\/lv88tv.com\/wp-content\/uploads\/2026\/05\/nhung-uu-diem-thu-hut-hoi-vien-trong-danh-muc-xs-hap-dan.webp\" alt=\"Nh\u1eefng \u01b0u \u0111i\u1ec3m thu h\u00fat h\u1ed9i vi\u00ean trong danh m\u1ee5c XS h\u1ea5p d\u1eabn\" width=\"800\" height=\"400\" srcset=\"https:\/\/lv88tv.com\/wp-content\/uploads\/2026\/05\/nhung-uu-diem-thu-hut-hoi-vien-trong-danh-muc-xs-hap-dan.webp 800w, https:\/\/lv88tv.com\/wp-content\/uploads\/2026\/05\/nhung-uu-diem-thu-hut-hoi-vien-trong-danh-muc-xs-hap-dan-300x150.webp 300w, https:\/\/lv88tv.com\/wp-content\/uploads\/2026\/05\/nhung-uu-diem-thu-hut-hoi-vien-trong-danh-muc-xs-hap-dan-768x384.webp 768w\" sizes=\"auto, (max-width: 800px) 100vw, 800px\" \/><figcaption id=\"caption-attachment-124\" class=\"wp-caption-text\">Nh\u1eefng \u01b0u \u0111i\u1ec3m thu h\u00fat h\u1ed9i vi\u00ean trong danh m\u1ee5c XS h\u1ea5p d\u1eabn<\/figcaption><\/figure>\n<h2><b>C\u00e1c lo\u1ea1i XS ph\u1ed5 bi\u1ebfn \u0111ang c\u00f3 m\u1eb7t t\u1ea1i n\u1ec1n t\u1ea3ng<\/b><\/h2>\n<p><b>X\u1ed5 s\u1ed1 <\/b><span style=\"font-weight: 400;\">t\u1ea1i LV88 bao g\u1ed3m nhi\u1ec1u h\u00ecnh th\u1ee9c t\u1eeb XS truy\u1ec1n th\u1ed1ng 3 mi\u1ec1n \u0111\u1ebfn c\u00e1c s\u1ea3n ph\u1ea9m quay s\u1ed1 nhanh do VIETLOTT ph\u00e1t h\u00e0nh. M\u1ed7i lo\u1ea1i c\u00f3 l\u1ecbch quay, c\u01a1 c\u1ea5u gi\u1ea3i th\u01b0\u1edfng k\u00e8m c\u00e1ch ch\u01a1i ri\u00eang bi\u1ec7t. H\u1ed9i vi\u00ean l\u1ef1a ch\u1ecdn lo\u1ea1i ph\u00f9 h\u1ee3p d\u1ef1a tr\u00ean t\u1ea7n su\u1ea5t quay l\u1eabn m\u1ee9c gi\u1ea3i k\u1ef3 v\u1ecdng.<\/span><\/p>\n<p><span style=\"font-weight: 400;\">B\u1ea3ng d\u01b0\u1edbi \u0111\u00e2y li\u1ec7t k\u00ea c\u00e1c s\u1ea3n ph\u1ea9m hi\u1ec7n c\u00f3 trong s\u1ea3nh c\u00f9ng th\u00f4ng tin c\u01a1 b\u1ea3n:<\/span><\/p>\n<table>\n<tbody>\n<tr>\n<td><span style=\"font-weight: 400;\">T\u00ean s\u1ea3n ph\u1ea9m<\/span><\/td>\n<td><span style=\"font-weight: 400;\">K\u1ef3 quay<\/span><\/td>\n<td><span style=\"font-weight: 400;\">\u0110\u00e0i ph\u00e1t h\u00e0nh<\/span><\/td>\n<td><span style=\"font-weight: 400;\">Lo\u1ea1i c\u01b0\u1ee3c ph\u1ed5 bi\u1ebfn<\/span><\/td>\n<\/tr>\n<tr>\n<td><span style=\"font-weight: 400;\">XSMB<\/span><\/td>\n<td><span style=\"font-weight: 400;\">H\u1eb1ng ng\u00e0y 18:30<\/span><\/td>\n<td><span style=\"font-weight: 400;\">\u0110\u00e0i H\u00e0 N\u1ed9i<\/span><\/td>\n<td><span style=\"font-weight: 400;\">L\u00f4, \u0111\u1ec1, xi\u00ean<\/span><\/td>\n<\/tr>\n<tr>\n<td><span style=\"font-weight: 400;\">XSMN<\/span><\/td>\n<td><span style=\"font-weight: 400;\">H\u1eb1ng ng\u00e0y 16:30<\/span><\/td>\n<td><span style=\"font-weight: 400;\">Nhi\u1ec1u \u0111\u00e0i lu\u00e2n phi\u00ean<\/span><\/td>\n<td><span style=\"font-weight: 400;\">L\u00f4, \u0111\u1ec1, \u0111\u1ea7u \u0111u\u00f4i<\/span><\/td>\n<\/tr>\n<tr>\n<td><span style=\"font-weight: 400;\">XSMT<\/span><\/td>\n<td><span style=\"font-weight: 400;\">H\u1eb1ng ng\u00e0y 17:30<\/span><\/td>\n<td><span style=\"font-weight: 400;\">Nhi\u1ec1u \u0111\u00e0i lu\u00e2n phi\u00ean<\/span><\/td>\n<td><span style=\"font-weight: 400;\">L\u00f4, \u0111\u1ec1, 3 c\u00e0ng<\/span><\/td>\n<\/tr>\n<tr>\n<td><span style=\"font-weight: 400;\">Mega 6\/45<\/span><\/td>\n<td><span style=\"font-weight: 400;\">Th\u1ee9 4, 6, CN<\/span><\/td>\n<td><span style=\"font-weight: 400;\">VIETLOTT<\/span><\/td>\n<td><span style=\"font-weight: 400;\">Ch\u1ecdn 6 s\u1ed1<\/span><\/td>\n<\/tr>\n<tr>\n<td><span style=\"font-weight: 400;\">Power 6\/55<\/span><\/td>\n<td><span style=\"font-weight: 400;\">Th\u1ee9 3, 5, 7<\/span><\/td>\n<td><span style=\"font-weight: 400;\">VIETLOTT<\/span><\/td>\n<td><span style=\"font-weight: 400;\">Ch\u1ecdn 6 s\u1ed1<\/span><\/td>\n<\/tr>\n<tr>\n<td><span style=\"font-weight: 400;\">Max 3D<\/span><\/td>\n<td><span style=\"font-weight: 400;\">H\u1eb1ng ng\u00e0y<\/span><\/td>\n<td><span style=\"font-weight: 400;\">VIETLOTT<\/span><\/td>\n<td><span style=\"font-weight: 400;\">C\u1eb7p s\u1ed1 3 ch\u1eef s\u1ed1<\/span><\/td>\n<\/tr>\n<tr>\n<td><span style=\"font-weight: 400;\">Keno<\/span><\/td>\n<td><span style=\"font-weight: 400;\">M\u1ed7i 10 ph\u00fat<\/span><\/td>\n<td><span style=\"font-weight: 400;\">VIETLOTT<\/span><\/td>\n<td><span style=\"font-weight: 400;\">Ch\u1ecdn 1-10 s\u1ed1<\/span><\/td>\n<\/tr>\n<\/tbody>\n<\/table>\n<h2><b>\u0110\u01a1n v\u1ecb ph\u00e1t h\u00e0nh x\u1ed5 s\u1ed1 uy t\u00edn trong chuy\u00ean m\u1ee5c hi\u1ec7n nay<\/b><\/h2>\n<p><span style=\"font-weight: 400;\">Nh\u00e0 c\u00e1i \u0111\u00e3 tr\u1ef1c ti\u1ebfp h\u1ee3p t\u00e1c c\u00f9ng nhi\u1ec1u \u0111\u01a1n v\u1ecb \u0111\u1ed1i t\u00e1c ph\u00e1t h\u00e0nh uy t\u00edn \u0111\u1ec3 mang \u0111\u1ebfn cho b\u1ea1n danh s\u00e1ch s\u1ea3n ph\u1ea9m \u1ea5n t\u01b0\u1ee3ng nh\u1ea5t. Ch\u1eb3ng h\u1ea1n nh\u01b0:<\/span><\/p>\n<h3><b>TP X\u1ed5 S\u1ed1<\/b><\/h3>\n<p><span style=\"font-weight: 400;\">TP X\u1ed5 S\u1ed1 l\u00e0 nh\u00e0 ph\u00e1t h\u00e0nh XS tr\u1ef1c tuy\u1ebfn \u0111\u01b0\u1ee3c nhi\u1ec1u n\u1ec1n t\u1ea3ng c\u00e1 c\u01b0\u1ee3c ch\u00e2u \u00c1 t\u00edch h\u1ee3p. S\u1ea3n ph\u1ea9m ch\u00ednh g\u1ed3m XS mi\u1ec1n B\u1eafc, mi\u1ec1n Trung, mi\u1ec1n Nam v\u1edbi k\u1ebft qu\u1ea3 c\u1eadp nh\u1eadt theo l\u1ecbch quay th\u01b0\u1edfng th\u1ef1c t\u1ebf c\u1ee7a Vi\u1ec7t Nam.\u00a0<\/span><\/p>\n<p><span style=\"font-weight: 400;\">Ngo\u00e0i XS truy\u1ec1n th\u1ed1ng, TP c\u00f2n cung c\u1ea5p XS nhanh v\u1edbi chu k\u1ef3 quay 1-5 ph\u00fat, ph\u00f9 h\u1ee3p ng\u01b0\u1eddi d\u00f9ng mu\u1ed1n k\u1ebft qu\u1ea3 t\u1ee9c th\u00ec. Giao di\u1ec7n API c\u1ee7a TP h\u1ed7 tr\u1ee3 t\u00edch h\u1ee3p v\u00e0o h\u1ec7 th\u1ed1ng nh\u00e0 c\u00e1i v\u1edbi \u0111\u1ed9 tr\u1ec5 th\u1ea5p, th\u01b0\u1eddng d\u01b0\u1edbi 3 gi\u00e2y.<\/span><\/p>\n<p>Xem th\u00eam: <a href=\"https:\/\/lv88tv.com\/dang-ky\/\"><strong>\u0110\u0103ng k\u00fd\u00a0<\/strong><\/a><\/p>\n<h3><b>BBin<\/b><\/h3>\n<p><span style=\"font-weight: 400;\">BBin (BetBet Interactive Network) l\u00e0 nh\u00e0 cung c\u1ea5p gi\u1ea3i ph\u00e1p game ch\u00e2u \u00c1 c\u00f3 tr\u1ee5 s\u1edf t\u1ea1i \u0110\u00e0i Loan, ho\u1ea1t \u0111\u1ed9ng t\u1eeb n\u0103m 2003. Danh m\u1ee5c s\u1ea3n ph\u1ea9m c\u1ee7a BBin r\u1ea5t r\u1ed9ng, bao g\u1ed3m XS, casino tr\u1ef1c tuy\u1ebfn, th\u1ec3 thao, b\u1eafn c\u00e1 v\u00e0 slot.\u00a0<\/span><\/p>\n<p><span style=\"font-weight: 400;\">Ri\u00eang m\u1ea3ng XS, BBin cung c\u1ea5p nhi\u1ec1u th\u1ec3 lo\u1ea1i nh\u01b0 Mark Six, Keno, XS 3D\/4D, XS \u0110\u00f4ng Nam \u00c1 v\u1edbi t\u1ea7n su\u1ea5t quay t\u1eeb 1-10 ph\u00fat. BBin n\u1ed5i ti\u1ebfng v\u1edbi h\u1ec7 th\u1ed1ng backend \u1ed5n \u0111\u1ecbnh, t\u1ef7 l\u1ec7 uptime c\u00f4ng b\u1ed1 \u1edf m\u1ee9c 99.9%, c\u00f9ng h\u1ec7 th\u1ed1ng qu\u1ea3n l\u00fd \u0111\u1ea1i l\u00fd (agent system) linh ho\u1ea1t \u0111\u01b0\u1ee3c nhi\u1ec1u nh\u00e0 c\u00e1i tr\u1eafng nh\u00e3n s\u1eed d\u1ee5ng.<\/span><\/p>\n<p><i><span style=\"font-weight: 400;\">Danh s\u00e1ch c\u00e1c s\u1ea3nh XS uy t\u00edn h\u1ee3p t\u00e1c c\u00f9ng nh\u00e0 c\u00e1i<\/span><\/i><\/p>\n<h2><b>K\u1ebft lu\u1eadn<\/b><\/h2>\n<p><b>X\u1ed5 s\u1ed1<\/b><span style=\"font-weight: 400;\"> tr\u1ef1c tuy\u1ebfn mang \u0111\u1ebfn c\u01a1 h\u1ed9i tham gia c\u00e1c k\u1ef3 quay ch\u00ednh th\u1ee9c v\u1edbi l\u1ecbch ph\u00e1t s\u00f3ng d\u00e0y \u0111\u1eb7c l\u1eabn c\u01a1 c\u1ea5u gi\u1ea3i minh b\u1ea1ch. LV88 t\u1ed5ng h\u1ee3p \u0111\u1ea7y \u0111\u1ee7 s\u1ea3n ph\u1ea9m t\u1eeb XS 3 mi\u1ec1n \u0111\u1ebfn VIETLOTT trong m\u1ed9t s\u1ea3nh ch\u01a1i duy nh\u1ea5t. H\u00e3y \u0111\u0103ng k\u00fd t\u00e0i kho\u1ea3n \u0111\u1ec3 tr\u1ea3i nghi\u1ec7m chuy\u00ean m\u1ee5c v\u1edbi \u0111\u1ea7y \u0111\u1ee7 t\u00ednh n\u0103ng tra c\u1ee9u l\u1eabn \u0111\u1eb7t c\u01b0\u1ee3c tr\u1ef1c tuy\u1ebfn.<\/span><\/p>\n","protected":false},"excerpt":{"rendered":"<p>X\u1ed5 S\u1ed1 &#8211; S\u1ea3nh Ch\u01a1i Uy T\u00edn, Ch\u1ea5t L\u01b0\u1ee3ng Top 1 Vi\u1ec7t Nam X\u1ed5 s\u1ed1 tr\u1ef1c tuy\u1ebfn \u0111ang thu h\u00fat h\u00e0ng tri\u1ec7u l\u01b0\u1ee3t tham gia m\u1ed7i tu\u1ea7n nh\u1edd k\u1ef3 quay li\u00ean t\u1ee5c, minh b\u1ea1ch. LV88 cung c\u1ea5p s\u1ea3nh XS \u0111a d\u1ea1ng v\u1edbi nhi\u1ec1u \u0111\u01a1n v\u1ecb ph\u00e1t h\u00e0nh l\u1edbn trong n\u01b0\u1edbc. H\u00e3y theo d\u00f5i b\u00e0i vi\u1ebft [&#8230;]\n","protected":false},"author":1,"featured_media":126,"parent":0,"menu_order":0,"comment_status":"closed","ping_status":"closed","template":"","meta":{"footnotes":""},"class_list":["post-29","page","type-page","status-publish","has-post-thumbnail","hentry"],"_links":{"self":[{"href":"https:\/\/lv88tv.com\/index.php\/wp-json\/wp\/v2\/pages\/29","targetHints":{"allow":["GET"]}}],"collection":[{"href":"https:\/\/lv88tv.com\/index.php\/wp-json\/wp\/v2\/pages"}],"about":[{"href":"https:\/\/lv88tv.com\/index.php\/wp-json\/wp\/v2\/types\/page"}],"author":[{"embeddable":true,"href":"https:\/\/lv88tv.com\/index.php\/wp-json\/wp\/v2\/users\/1"}],"replies":[{"embeddable":true,"href":"https:\/\/lv88tv.com\/index.php\/wp-json\/wp\/v2\/comments?post=29"}],"version-history":[{"count":2,"href":"https:\/\/lv88tv.com\/index.php\/wp-json\/wp\/v2\/pages\/29\/revisions"}],"predecessor-version":[{"id":129,"href":"https:\/\/lv88tv.com\/index.php\/wp-json\/wp\/v2\/pages\/29\/revisions\/129"}],"wp:featuredmedia":[{"embeddable":true,"href":"https:\/\/lv88tv.com\/index.php\/wp-json\/wp\/v2\/media\/126"}],"wp:attachment":[{"href":"https:\/\/lv88tv.com\/index.php\/wp-json\/wp\/v2\/media?parent=29"}],"curies":[{"name":"wp","href":"https:\/\/api.w.org\/{rel}","templated":true}]}}