{"id":27,"date":"2026-05-08T04:31:14","date_gmt":"2026-05-08T04:31:14","guid":{"rendered":"https:\/\/lv88tv.com\/?page_id=27"},"modified":"2026-05-14T01:09:31","modified_gmt":"2026-05-14T01:09:31","slug":"the-thao","status":"publish","type":"page","link":"https:\/\/lv88tv.com\/index.php\/the-thao\/","title":{"rendered":"Th\u1ec3 thao"},"content":{"rendered":"<h1 style=\"text-align: center;\"><b>Th\u1ec3 Thao LV88 &#8211; S\u1ea3nh C\u01b0\u1ee3c Uy T\u00edn H\u00e0ng \u0110\u1ea7u Ch\u00e2u \u00c1 2026<\/b><\/h1>\n<p><a href=\"https:\/\/lv88tv.com\/the-thao\/\"><b>Th\u1ec3 thao<\/b><\/a><span style=\"font-weight: 400;\"> t\u1ea1i LV88 hi\u1ec7n l\u00e0 m\u1ed9t trong nh\u1eefng chuy\u00ean m\u1ee5c \u0111\u01b0\u1ee3c h\u1ed9i vi\u00ean Vi\u1ec7t Nam t\u00ecm ki\u1ebfm nhi\u1ec1u nh\u1ea5t hi\u1ec7n nay. <a href=\"https:\/\/lv88tv.com\/\"><strong>LV88<\/strong><\/a> cung c\u1ea5p \u0111a d\u1ea1ng m\u00f4n kh\u00e1c nhau k\u00e8m t\u1ef7 l\u1ec7 c\u01b0\u1ee3c c\u1ea1nh tranh t\u1eeb c\u00e1c nh\u00e0 ph\u00e1t h\u00e0nh qu\u1ed1c t\u1ebf uy t\u00edn. H\u00e3y theo d\u00f5i b\u00e0i vi\u1ebft \u0111\u1ec3 n\u1eafm to\u00e0n b\u1ed9 th\u00f4ng tin tr\u01b0\u1edbc khi xu\u1ed1ng ti\u1ec1n.<\/span><\/p>\n<h2><b>Th\u1ec3 thao t\u1ea1i LV88 &#8211; Th\u00f4ng tin t\u1ed5ng quan s\u1ea3nh c\u01b0\u1ee3c<\/b><\/h2>\n<p><b>Th\u1ec3 thao<\/b><span style=\"font-weight: 400;\"> t\u1ea1i LV 88 \u0111\u01b0\u1ee3c v\u1eadn h\u00e0nh tr\u00ean n\u1ec1n t\u1ea3ng k\u1ef9 thu\u1eadt s\u1ed1 hi\u1ec7n \u0111\u1ea1i, h\u1ed7 tr\u1ee3 c\u01b0\u1ee3c tr\u1ef1c ti\u1ebfp l\u1eabn c\u01b0\u1ee3c tr\u01b0\u1edbc tr\u1eadn v\u1edbi t\u1ed1c \u0111\u1ed9 x\u1eed l\u00fd d\u01b0\u1edbi 3 gi\u00e2y. Chuy\u00ean m\u1ee5c n\u00e0y hi\u1ec7n ph\u1ee5c v\u1ee5 h\u00e0ng ch\u1ee5c ngh\u00ecn l\u01b0\u1ee3t \u0111\u1eb7t c\u01b0\u1ee3c m\u1ed7i ng\u00e0y, tr\u1ea3i d\u00e0i tr\u00ean h\u01a1n 30 m\u00f4n qu\u1ed1c t\u1ebf. H\u1ed9i vi\u00ean c\u00f3 th\u1ec3 truy c\u1eadp chuy\u00ean m\u1ee5c qua tr\u00ecnh duy\u1ec7t web ho\u1eb7c \u1ee9ng d\u1ee5ng di \u0111\u1ed9ng m\u00e0 kh\u00f4ng c\u1ea7n c\u00e0i \u0111\u1eb7t ph\u1ea7n m\u1ec1m b\u1ed5 sung.<\/span><\/p>\n<p><span style=\"font-weight: 400;\">D\u01b0\u1edbi \u0111\u00e2y l\u00e0 nh\u1eefng \u0111i\u1ec3m n\u1ed5i b\u1eadt gi\u00fap chuy\u00ean m\u1ee5c n\u00e0y thu h\u00fat l\u01b0\u1ee3ng l\u1edbn h\u1ed9i vi\u00ean tham gia. C\u00e1c \u0111\u1eb7c \u0111i\u1ec3m n\u00e0y ph\u1ea3n \u00e1nh tr\u1ef1c ti\u1ebfp tr\u1ea3i nghi\u1ec7m th\u1ef1c t\u1ebf khi s\u1eed d\u1ee5ng n\u1ec1n t\u1ea3ng.<\/span><\/p>\n<ul>\n<li style=\"font-weight: 400;\" aria-level=\"1\"><span style=\"font-weight: 400;\">H\u1ed7 tr\u1ee3 c\u01b0\u1ee3c tr\u1ef1c ti\u1ebfp (live betting) v\u1edbi c\u1eadp nh\u1eadt t\u1ef7 l\u1ec7 li\u00ean t\u1ee5c trong su\u1ed1t tr\u1eadn \u0111\u1ea5u.<\/span><\/li>\n<li style=\"font-weight: 400;\" aria-level=\"1\"><span style=\"font-weight: 400;\">Giao di\u1ec7n ti\u1ebfng Vi\u1ec7t ho\u00e0n ch\u1ec9nh, d\u1ec5 thao t\u00e1c cho h\u1ed9i vi\u00ean m\u1edbi l\u1eabn h\u1ed9i vi\u00ean l\u00e2u n\u0103m.<\/span><\/li>\n<li style=\"font-weight: 400;\" aria-level=\"1\"><span style=\"font-weight: 400;\">N\u1ea1p r\u00fat ti\u1ec1n qua ng\u00e2n h\u00e0ng n\u1ed9i \u0111\u1ecba Vi\u1ec7t Nam, th\u1eddi gian x\u1eed l\u00fd 3-10 ph\u00fat.<\/span><\/li>\n<li style=\"font-weight: 400;\" aria-level=\"1\"><span style=\"font-weight: 400;\">Ch\u01b0\u01a1ng tr\u00ecnh ho\u00e0n tr\u1ea3 c\u01b0\u1ee3c thua \u00e1p d\u1ee5ng \u0111\u1ecbnh k\u1ef3, t\u1ef7 l\u1ec7 ho\u00e0n tr\u1ea3 l\u00ean \u0111\u1ebfn 1.2%.<\/span><\/li>\n<li style=\"font-weight: 400;\" aria-level=\"1\"><span style=\"font-weight: 400;\">H\u1ec7 th\u1ed1ng b\u1ea3o m\u1eadt SSL 256-bit b\u1ea3o v\u1ec7 to\u00e0n b\u1ed9 giao d\u1ecbch t\u00e0i ch\u00ednh c\u1ee7a h\u1ed9i vi\u00ean.<\/span><\/li>\n<li style=\"font-weight: 400;\" aria-level=\"1\"><span style=\"font-weight: 400;\">Gi\u1edbi h\u1ea1n c\u01b0\u1ee3c linh ho\u1ea1t t\u1eeb 10.000 VN\u0110 \u0111\u1ebfn h\u00e0ng ch\u1ee5c tri\u1ec7u \u0111\u1ed3ng m\u1ed7i k\u00e8o.<\/span><\/li>\n<li style=\"font-weight: 400;\" aria-level=\"1\"><span style=\"font-weight: 400;\">L\u1ecbch thi \u0111\u1ea5u c\u1eadp nh\u1eadt t\u1ef1 \u0111\u1ed9ng theo gi\u1edd th\u1ef1c, bao ph\u1ee7 c\u00e1c gi\u1ea3i \u0111\u1ea5u l\u1edbn to\u00e0n c\u1ea7u.<\/span><\/li>\n<\/ul>\n<figure id=\"attachment_119\" aria-describedby=\"caption-attachment-119\" style=\"width: 800px\" class=\"wp-caption aligncenter\"><img loading=\"lazy\" decoding=\"async\" class=\"size-full wp-image-119\" src=\"https:\/\/lv88tv.com\/wp-content\/uploads\/2026\/05\/thong-tin-chung-ve-muc-the-thao-hap-dan-tai-nha-cai.webp\" alt=\"Th\u00f4ng tin chung v\u1ec1 m\u1ee5c th\u1ec3 thao h\u1ea5p d\u1eabn t\u1ea1i nh\u00e0 c\u00e1i\" width=\"800\" height=\"400\" srcset=\"https:\/\/lv88tv.com\/wp-content\/uploads\/2026\/05\/thong-tin-chung-ve-muc-the-thao-hap-dan-tai-nha-cai.webp 800w, https:\/\/lv88tv.com\/wp-content\/uploads\/2026\/05\/thong-tin-chung-ve-muc-the-thao-hap-dan-tai-nha-cai-300x150.webp 300w, https:\/\/lv88tv.com\/wp-content\/uploads\/2026\/05\/thong-tin-chung-ve-muc-the-thao-hap-dan-tai-nha-cai-768x384.webp 768w\" sizes=\"auto, (max-width: 800px) 100vw, 800px\" \/><figcaption id=\"caption-attachment-119\" class=\"wp-caption-text\">Th\u00f4ng tin chung v\u1ec1 m\u1ee5c th\u1ec3 thao h\u1ea5p d\u1eabn t\u1ea1i nh\u00e0 c\u00e1i<\/figcaption><\/figure>\n<h2><b>\u01afu \u0111i\u1ec3m n\u1ed5i b\u1eadt c\u1ee7a s\u1ea3nh th\u1ec3 thao thu h\u00fat kh\u00e1ch h\u00e0ng<\/b><\/h2>\n<p><b>Th\u1ec3 thao <\/b><span style=\"font-weight: 400;\">t\u1ea1i nh\u00e0 c\u00e1i s\u1edf h\u1eefu nhi\u1ec1u l\u1ee3i th\u1ebf k\u1ef9 thu\u1eadt l\u1eabn tr\u1ea3i nghi\u1ec7m ng\u01b0\u1eddi d\u00f9ng so v\u1edbi m\u1eb7t b\u1eb1ng chung th\u1ecb tr\u01b0\u1eddng. Hai y\u1ebfu t\u1ed1 \u0111\u01b0\u1ee3c h\u1ed9i vi\u00ean \u0111\u00e1nh gi\u00e1 cao nh\u1ea5t l\u00e0 t\u1ef7 l\u1ec7 c\u01b0\u1ee3c c\u00f9ng \u0111\u1ed9 ph\u1ee7 th\u1ecb tr\u01b0\u1eddng c\u01b0\u1ee3c.<\/span><\/p>\n<h3><b>T\u1ef7 l\u1ec7 c\u01b0\u1ee3c<\/b><\/h3>\n<p><span style=\"font-weight: 400;\">T\u1ef7 l\u1ec7 c\u01b0\u1ee3c t\u1ea1i chuy\u00ean m\u1ee5c n\u00e0y \u0111\u01b0\u1ee3c duy tr\u00ec \u1edf m\u1ee9c c\u1ea1nh tranh, dao \u0111\u1ed9ng 95-97% so v\u1edbi t\u1ef7 l\u1ec7 l\u00fd thuy\u1ebft tr\u00ean ph\u1ea7n l\u1edbn c\u00e1c tr\u1eadn \u0111\u1ea5u l\u1edbn. Margin (bi\u00ean l\u1ee3i nhu\u1eadn nh\u00e0 c\u00e1i) trung b\u00ecnh ch\u1ec9 3-5%, th\u1ea5p h\u01a1n \u0111\u00e1ng k\u1ec3 so v\u1edbi nhi\u1ec1u n\u1ec1n t\u1ea3ng c\u00f9ng ph\u00e2n kh\u00fac t\u1ea1i th\u1ecb tr\u01b0\u1eddng Vi\u1ec7t Nam. H\u1ed9i vi\u00ean \u0111\u1eb7t c\u01b0\u1ee3c d\u00e0i h\u1ea1n s\u1ebd c\u1ea3m nh\u1eadn r\u00f5 s\u1ef1 kh\u00e1c bi\u1ec7t n\u00e0y qua t\u1eebng phi\u00ean c\u01b0\u1ee3c.<\/span><\/p>\n<h3><b>Th\u1ecb tr\u01b0\u1eddng c\u01b0\u1ee3c<\/b><\/h3>\n<p><span style=\"font-weight: 400;\">Hai \u0111\u1eb7c \u0111i\u1ec3m sau ph\u1ea3n \u00e1nh \u0111\u1ed9 r\u1ed9ng th\u1ecb tr\u01b0\u1eddng c\u01b0\u1ee3c m\u00e0 h\u1ed9i vi\u00ean c\u00f3 th\u1ec3 khai th\u00e1c. M\u1ed7i tr\u1eadn \u0111\u1ea5u l\u1edbn th\u01b0\u1eddng m\u1edf t\u1eeb 50-200 lo\u1ea1i k\u00e8o kh\u00e1c nhau t\u00f9y theo gi\u1ea3i \u0111\u1ea5u.<\/span><\/p>\n<ul>\n<li style=\"font-weight: 400;\" aria-level=\"1\"><span style=\"font-weight: 400;\">K\u00e8o ch\u00e2u \u00c1, ch\u00e2u \u00c2u, t\u00e0i x\u1ec9u ph\u1ee7 to\u00e0n b\u1ed9 c\u00e1c tr\u1eadn \u0111\u1ea5u t\u1eeb gi\u1ea3i l\u1edbn \u0111\u1ebfn gi\u1ea3i h\u1ea1ng th\u1ea5p.<\/span><\/li>\n<li style=\"font-weight: 400;\" aria-level=\"1\"><span style=\"font-weight: 400;\">K\u00e8o \u0111\u1eb7c bi\u1ec7t nh\u01b0 t\u1ef7 s\u1ed1 ch\u00ednh x\u00e1c, s\u1ed1 th\u1ebb ph\u1ea1t, s\u1ed1 hi\u1ec7p ph\u1ea1t g\u00f3c c\u00f3 m\u1eb7t t\u1ea1i h\u1ea7u h\u1ebft tr\u1eadn \u0111\u1ea5u l\u1edbn.<\/span><\/li>\n<li style=\"font-weight: 400;\" aria-level=\"1\"><span style=\"font-weight: 400;\">C\u01b0\u1ee3c combo (parlay) cho ph\u00e9p gh\u00e9p 2-10 tr\u1eadn, t\u1ef7 l\u1ec7 nh\u00e2n l\u00ean theo t\u1eebng l\u1ef1a ch\u1ecdn.<\/span><\/li>\n<li style=\"font-weight: 400;\" aria-level=\"1\"><span style=\"font-weight: 400;\">Th\u1ecb tr\u01b0\u1eddng c\u01b0\u1ee3c trong hi\u1ec7p (in-play) c\u1eadp nh\u1eadt li\u00ean t\u1ee5c v\u1edbi \u0111\u1ed9 tr\u1ec5 d\u01b0\u1edbi 2 gi\u00e2y.<\/span><\/li>\n<\/ul>\n<h3><b>Ph\u00e1t s\u00f3ng tr\u1ef1c ti\u1ebfp<\/b><\/h3>\n<p><span style=\"font-weight: 400;\">T\u00ednh n\u0103ng ph\u00e1t s\u00f3ng tr\u1ef1c ti\u1ebfp t\u00edch h\u1ee3p ngay trong giao di\u1ec7n c\u01b0\u1ee3c, h\u1ed9i vi\u00ean kh\u00f4ng c\u1ea7n chuy\u1ec3n sang n\u1ec1n t\u1ea3ng kh\u00e1c \u0111\u1ec3 theo d\u00f5i tr\u1eadn \u0111\u1ea5u. Ch\u1ea5t l\u01b0\u1ee3ng lu\u1ed3ng ph\u00e1t \u0111\u1ea1t chu\u1ea9n HD v\u1edbi \u0111\u1ed9 tr\u1ec5 5-8 gi\u00e2y so v\u1edbi th\u1ef1c t\u1ebf, ph\u00f9 h\u1ee3p cho c\u01b0\u1ee3c live. T\u00ednh n\u0103ng n\u00e0y hi\u1ec7n bao ph\u1ee7 h\u01a1n 10.000 s\u1ef1 ki\u1ec7n n\u1ed5i b\u1eadt m\u1ed7i th\u00e1ng tr\u00ean to\u00e0n c\u1ea7u.<\/span><\/p>\n<figure id=\"attachment_117\" aria-describedby=\"caption-attachment-117\" style=\"width: 800px\" class=\"wp-caption aligncenter\"><img loading=\"lazy\" decoding=\"async\" class=\"size-full wp-image-117\" src=\"https:\/\/lv88tv.com\/wp-content\/uploads\/2026\/05\/tinh-nang-noi-bat-thu-hut-khach-hang-tai-muc-the-thao-an-tuong.webp\" alt=\"T\u00ednh n\u0103ng n\u1ed5i b\u1eadt, thu h\u00fat kh\u00e1ch h\u00e0ng t\u1ea1i m\u1ee5c th\u1ec3 thao \u1ea5n t\u01b0\u1ee3ng\" width=\"800\" height=\"400\" srcset=\"https:\/\/lv88tv.com\/wp-content\/uploads\/2026\/05\/tinh-nang-noi-bat-thu-hut-khach-hang-tai-muc-the-thao-an-tuong.webp 800w, https:\/\/lv88tv.com\/wp-content\/uploads\/2026\/05\/tinh-nang-noi-bat-thu-hut-khach-hang-tai-muc-the-thao-an-tuong-300x150.webp 300w, https:\/\/lv88tv.com\/wp-content\/uploads\/2026\/05\/tinh-nang-noi-bat-thu-hut-khach-hang-tai-muc-the-thao-an-tuong-768x384.webp 768w\" sizes=\"auto, (max-width: 800px) 100vw, 800px\" \/><figcaption id=\"caption-attachment-117\" class=\"wp-caption-text\">T\u00ednh n\u0103ng n\u1ed5i b\u1eadt, thu h\u00fat kh\u00e1ch h\u00e0ng t\u1ea1i m\u1ee5c th\u1ec3 thao \u1ea5n t\u01b0\u1ee3ng<\/figcaption><\/figure>\n<h2><b>C\u00e1c m\u00f4n \u0111\u01b0\u1ee3c cung c\u1ea5p t\u1ea1i chuy\u00ean m\u1ee5c thu h\u00fat kh\u00e1ch h\u00e0ng<\/b><\/h2>\n<p><b>Th\u1ec3 thao<\/b><span style=\"font-weight: 400;\"> t\u1ea1i \u0111\u00e2y bao ph\u1ee7 danh m\u1ee5c r\u1ed9ng t\u1eeb c\u00e1c m\u00f4n ph\u1ed5 bi\u1ebfn t\u1ea1i Vi\u1ec7t Nam \u0111\u1ebfn c\u00e1c m\u00f4n esport qu\u1ed1c t\u1ebf. D\u01b0\u1edbi \u0111\u00e2y l\u00e0 b\u1ea3ng t\u1ed5ng h\u1ee3p c\u00e1c m\u00f4n c\u00f9ng th\u00f4ng tin c\u01b0\u1ee3c t\u01b0\u01a1ng \u1ee9ng, gi\u00fap h\u1ed9i vi\u00ean n\u1eafm nhanh tr\u01b0\u1edbc khi l\u1ef1a ch\u1ecdn.<\/span><\/p>\n<table>\n<tbody>\n<tr>\n<td><span style=\"font-weight: 400;\">M\u00f4n th\u1ec3 thao<\/span><\/td>\n<td><span style=\"font-weight: 400;\">S\u1ed1 k\u00e8o m\u1ed7i tr\u1eadn<\/span><\/td>\n<td><span style=\"font-weight: 400;\">H\u00ecnh th\u1ee9c c\u01b0\u1ee3c<\/span><\/td>\n<td><span style=\"font-weight: 400;\">Live betting<\/span><\/td>\n<\/tr>\n<tr>\n<td><span style=\"font-weight: 400;\">B\u00f3ng \u0111\u00e1<\/span><\/td>\n<td><span style=\"font-weight: 400;\">50-200<\/span><\/td>\n<td><span style=\"font-weight: 400;\">Ch\u00e2u \u00c1, ch\u00e2u \u00c2u\u00a0<\/span><\/td>\n<td><span style=\"font-weight: 400;\">C\u00f3<\/span><\/td>\n<\/tr>\n<tr>\n<td><span style=\"font-weight: 400;\">B\u00f3ng r\u1ed5<\/span><\/td>\n<td><span style=\"font-weight: 400;\">20-80<\/span><\/td>\n<td><span style=\"font-weight: 400;\">Ch\u00e2u \u00c1, t\u00e0i x\u1ec9u, t\u1ef7 s\u1ed1 hi\u1ec7p<\/span><\/td>\n<td><span style=\"font-weight: 400;\">C\u00f3<\/span><\/td>\n<\/tr>\n<tr>\n<td><span style=\"font-weight: 400;\">Tennis<\/span><\/td>\n<td><span style=\"font-weight: 400;\">15-50<\/span><\/td>\n<td><span style=\"font-weight: 400;\">Ch\u1ea5p game, t\u00e0i x\u1ec9u set, t\u1ef7 s\u1ed1 tr\u1eadn<\/span><\/td>\n<td><span style=\"font-weight: 400;\">C\u00f3<\/span><\/td>\n<\/tr>\n<tr>\n<td><span style=\"font-weight: 400;\">B\u00f3ng ch\u00e0y<\/span><\/td>\n<td><span style=\"font-weight: 400;\">10-30<\/span><\/td>\n<td><span style=\"font-weight: 400;\">Moneyline, t\u00e0i x\u1ec9u, ch\u1ea5p run<\/span><\/td>\n<td><span style=\"font-weight: 400;\">C\u00f3<\/span><\/td>\n<\/tr>\n<tr>\n<td><span style=\"font-weight: 400;\">B\u00f3ng b\u1ea7u d\u1ee5c M\u1ef9<\/span><\/td>\n<td><span style=\"font-weight: 400;\">15-40<\/span><\/td>\n<td><span style=\"font-weight: 400;\">Ch\u1ea5p \u0111i\u1ec3m, t\u00e0i x\u1ec9u, th\u1eafng\/thua<\/span><\/td>\n<td><span style=\"font-weight: 400;\">C\u00f3<\/span><\/td>\n<\/tr>\n<tr>\n<td><span style=\"font-weight: 400;\">Kh\u00fac c\u00f4n c\u1ea7u<\/span><\/td>\n<td><span style=\"font-weight: 400;\">10-25<\/span><\/td>\n<td><span style=\"font-weight: 400;\">Moneyline, t\u00e0i x\u1ec9u, ch\u1ea5p puck<\/span><\/td>\n<td><span style=\"font-weight: 400;\">C\u00f3<\/span><\/td>\n<\/tr>\n<tr>\n<td><span style=\"font-weight: 400;\">Esports<\/span><\/td>\n<td><span style=\"font-weight: 400;\">20-60<\/span><\/td>\n<td><span style=\"font-weight: 400;\">K\u00e8o map, t\u1ed5ng kill, k\u00e8o tr\u1eadn<\/span><\/td>\n<td><span style=\"font-weight: 400;\">C\u00f3<\/span><\/td>\n<\/tr>\n<\/tbody>\n<\/table>\n<p><span style=\"font-weight: 400;\">Xem th\u00eam: <a href=\"https:\/\/lv88tv.com\/xo-so\/\"><strong>X\u1ed5 s\u1ed1<\/strong><\/a><\/span><\/p>\n<h2><b>\u0110\u01a1n v\u1ecb ph\u00e1t h\u00e0nh th\u1ec3 thao uy t\u00edn t\u1ea1i nh\u00e0 c\u00e1i<\/b><\/h2>\n<p><span style=\"font-weight: 400;\">Chuy\u00ean m\u1ee5c \u0111\u01b0\u1ee3c v\u1eadn h\u00e0nh b\u1edfi c\u00e1c nh\u00e0 cung c\u1ea5p ph\u1ea7n m\u1ec1m c\u00f3 gi\u1ea5y ph\u00e9p qu\u1ed1c t\u1ebf, \u0111\u1ea3m b\u1ea3o t\u00ednh minh b\u1ea1ch l\u1eabn \u1ed5n \u0111\u1ecbnh k\u1ef9 thu\u1eadt. M\u1ed7i \u0111\u01a1n v\u1ecb ph\u00e1t h\u00e0nh s\u1edf h\u1eefu th\u1ebf m\u1ea1nh ri\u00eang, ph\u1ee5c v\u1ee5 c\u00e1c ph\u00e2n kh\u00fac h\u1ed9i vi\u00ean kh\u00e1c nhau.<\/span><\/p>\n<h3><b>Saba Sports<\/b><\/h3>\n<p><span style=\"font-weight: 400;\">Saba Sports l\u00e0 nh\u00e0 cung c\u1ea5p c\u00f4ng ngh\u1ec7 c\u00e1 c\u01b0\u1ee3c uy t\u00edn c\u00f3 tr\u1ee5 s\u1edf t\u1ea1i Philippines, \u0111\u01b0\u1ee3c c\u1ea5p ph\u00e9p b\u1edfi PAGCOR v\u1edbi h\u01a1n 15 n\u0103m ho\u1ea1t \u0111\u1ed9ng trong ng\u00e0nh. N\u1ec1n t\u1ea3ng n\u00e0y x\u1eed l\u00fd h\u00e0ng tri\u1ec7u giao d\u1ecbch m\u1ed7i ng\u00e0y v\u1edbi t\u1ef7 l\u1ec7 uptime \u0111\u1ea1t 99.9%, ph\u1ee7 tr\u00ean 30 m\u00f4n qu\u1ed1c t\u1ebf. Saba Sports \u0111\u1eb7c bi\u1ec7t m\u1ea1nh \u1edf th\u1ecb tr\u01b0\u1eddng ch\u00e2u \u00c1 v\u1edbi t\u1ef7 l\u1ec7 k\u00e8o ch\u00e2u \u00c1 \u0111\u01b0\u1ee3c c\u1eadp nh\u1eadt li\u00ean t\u1ee5c theo bi\u1ebfn \u0111\u1ed9ng th\u1ef1c t\u1ebf.<\/span><\/p>\n<figure id=\"attachment_116\" aria-describedby=\"caption-attachment-116\" style=\"width: 800px\" class=\"wp-caption aligncenter\"><img loading=\"lazy\" decoding=\"async\" class=\"size-full wp-image-116\" src=\"https:\/\/lv88tv.com\/wp-content\/uploads\/2026\/05\/don-vi-doi-tac-uy-tin-da-hop-tac-cung-nha-cai-hien-tai.webp\" alt=\"\u0110\u01a1n v\u1ecb \u0111\u1ed1i t\u00e1c uy t\u00edn \u0111\u00e3 h\u1ee3p t\u00e1c c\u00f9ng nh\u00e0 c\u00e1i hi\u1ec7n t\u1ea1i\" width=\"800\" height=\"400\" srcset=\"https:\/\/lv88tv.com\/wp-content\/uploads\/2026\/05\/don-vi-doi-tac-uy-tin-da-hop-tac-cung-nha-cai-hien-tai.webp 800w, https:\/\/lv88tv.com\/wp-content\/uploads\/2026\/05\/don-vi-doi-tac-uy-tin-da-hop-tac-cung-nha-cai-hien-tai-300x150.webp 300w, https:\/\/lv88tv.com\/wp-content\/uploads\/2026\/05\/don-vi-doi-tac-uy-tin-da-hop-tac-cung-nha-cai-hien-tai-768x384.webp 768w\" sizes=\"auto, (max-width: 800px) 100vw, 800px\" \/><figcaption id=\"caption-attachment-116\" class=\"wp-caption-text\">\u0110\u01a1n v\u1ecb \u0111\u1ed1i t\u00e1c uy t\u00edn \u0111\u00e3 h\u1ee3p t\u00e1c c\u00f9ng nh\u00e0 c\u00e1i hi\u1ec7n t\u1ea1i<\/figcaption><\/figure>\n<h3><b>BTi Sports<\/b><\/h3>\n<p><span style=\"font-weight: 400;\">Hai \u0111\u1eb7c \u0111i\u1ec3m d\u01b0\u1edbi \u0111\u00e2y ph\u1ea3n \u00e1nh th\u1ebf m\u1ea1nh c\u1ed1t l\u00f5i c\u1ee7a BTi Sports so v\u1edbi c\u00e1c \u0111\u1ed1i th\u1ee7 c\u00f9ng ph\u00e2n kh\u00fac. BTi Sports hi\u1ec7n ho\u1ea1t \u0111\u1ed9ng t\u1ea1i h\u01a1n 20 th\u1ecb tr\u01b0\u1eddng ch\u00e2u \u00c1 v\u1edbi gi\u1ea5y ph\u00e9p t\u1eeb Isle of Man Gambling Supervision Commission.<\/span><\/p>\n<table>\n<tbody>\n<tr>\n<td><span style=\"font-weight: 400;\">Ti\u00eau ch\u00ed<\/span><\/td>\n<td><span style=\"font-weight: 400;\">Th\u00f4ng tin<\/span><\/td>\n<\/tr>\n<tr>\n<td><span style=\"font-weight: 400;\">N\u0103m th\u00e0nh l\u1eadp<\/span><\/td>\n<td><span style=\"font-weight: 400;\">2007<\/span><\/td>\n<\/tr>\n<tr>\n<td><span style=\"font-weight: 400;\">Gi\u1ea5y ph\u00e9p<\/span><\/td>\n<td><span style=\"font-weight: 400;\">Isle of Man GSC<\/span><\/td>\n<\/tr>\n<tr>\n<td><span style=\"font-weight: 400;\">Th\u1ecb tr\u01b0\u1eddng ho\u1ea1t \u0111\u1ed9ng<\/span><\/td>\n<td><span style=\"font-weight: 400;\">&gt;20 th\u1ecb tr\u01b0\u1eddng ch\u00e2u \u00c1<\/span><\/td>\n<\/tr>\n<tr>\n<td><span style=\"font-weight: 400;\">S\u1ed1 m\u00f4n\u00a0<\/span><\/td>\n<td><span style=\"font-weight: 400;\">&gt;25 m\u00f4n<\/span><\/td>\n<\/tr>\n<tr>\n<td><span style=\"font-weight: 400;\">\u0110i\u1ec3m m\u1ea1nh<\/span><\/td>\n<td><span style=\"font-weight: 400;\">K\u00e8o esports<\/span><\/td>\n<\/tr>\n<\/tbody>\n<\/table>\n<h2><b>K\u1ebft lu\u1eadn<\/b><\/h2>\n<p><b>Th\u1ec3 thao<\/b><span style=\"font-weight: 400;\"> t\u1ea1i s\u1ea3nh c\u01b0\u1ee3c n\u00e0y h\u1ed9i t\u1ee5 \u0111\u1ea7y \u0111\u1ee7 y\u1ebfu t\u1ed1 t\u1eeb danh m\u1ee5c b\u1ed9 m\u00f4n\u00a0 \u0111a d\u1ea1ng \u0111\u1ebfn t\u1ef7 l\u1ec7 k\u00e8o c\u1ea1nh tranh t\u1eeb c\u00e1c nh\u00e0 ph\u00e1t h\u00e0nh uy t\u00edn. LV88 mang \u0111\u1ebfn tr\u1ea3i nghi\u1ec7m c\u01b0\u1ee3c <\/span><b>th\u1ec3 thao<\/b><span style=\"font-weight: 400;\"> to\u00e0n di\u1ec7n v\u1edbi n\u1ec1n t\u1ea3ng k\u1ef9 thu\u1eadt \u0111\u01b0\u1ee3c ki\u1ec3m ch\u1ee9ng qua nhi\u1ec1u n\u0103m v\u1eadn h\u00e0nh t\u1ea1i th\u1ecb tr\u01b0\u1eddng ch\u00e2u \u00c1. H\u00e3y truy c\u1eadp s\u1ea3nh c\u01b0\u1ee3c ngay \u0111\u1ec3 kh\u00e1m ph\u00e1 to\u00e0n b\u1ed9 danh m\u1ee5c l\u1eabn c\u00e1c lo\u1ea1i k\u00e8o ph\u00f9 h\u1ee3p v\u1edbi chi\u1ebfn l\u01b0\u1ee3c c\u1ee7a t\u1eebng h\u1ed9i vi\u00ean.<\/span><\/p>\n","protected":false},"excerpt":{"rendered":"<p>Th\u1ec3 Thao LV88 &#8211; S\u1ea3nh C\u01b0\u1ee3c Uy T\u00edn H\u00e0ng \u0110\u1ea7u Ch\u00e2u \u00c1 2026 Th\u1ec3 thao t\u1ea1i LV88 hi\u1ec7n l\u00e0 m\u1ed9t trong nh\u1eefng chuy\u00ean m\u1ee5c \u0111\u01b0\u1ee3c h\u1ed9i vi\u00ean Vi\u1ec7t Nam t\u00ecm ki\u1ebfm nhi\u1ec1u nh\u1ea5t hi\u1ec7n nay. LV88 cung c\u1ea5p \u0111a d\u1ea1ng m\u00f4n kh\u00e1c nhau k\u00e8m t\u1ef7 l\u1ec7 c\u01b0\u1ee3c c\u1ea1nh tranh t\u1eeb c\u00e1c nh\u00e0 ph\u00e1t h\u00e0nh qu\u1ed1c [&#8230;]\n","protected":false},"author":1,"featured_media":0,"parent":0,"menu_order":0,"comment_status":"closed","ping_status":"closed","template":"","meta":{"footnotes":""},"class_list":["post-27","page","type-page","status-publish","hentry"],"_links":{"self":[{"href":"https:\/\/lv88tv.com\/index.php\/wp-json\/wp\/v2\/pages\/27","targetHints":{"allow":["GET"]}}],"collection":[{"href":"https:\/\/lv88tv.com\/index.php\/wp-json\/wp\/v2\/pages"}],"about":[{"href":"https:\/\/lv88tv.com\/index.php\/wp-json\/wp\/v2\/types\/page"}],"author":[{"embeddable":true,"href":"https:\/\/lv88tv.com\/index.php\/wp-json\/wp\/v2\/users\/1"}],"replies":[{"embeddable":true,"href":"https:\/\/lv88tv.com\/index.php\/wp-json\/wp\/v2\/comments?post=27"}],"version-history":[{"count":2,"href":"https:\/\/lv88tv.com\/index.php\/wp-json\/wp\/v2\/pages\/27\/revisions"}],"predecessor-version":[{"id":134,"href":"https:\/\/lv88tv.com\/index.php\/wp-json\/wp\/v2\/pages\/27\/revisions\/134"}],"wp:attachment":[{"href":"https:\/\/lv88tv.com\/index.php\/wp-json\/wp\/v2\/media?parent=27"}],"curies":[{"name":"wp","href":"https:\/\/api.w.org\/{rel}","templated":true}]}}