{"id":25,"date":"2026-05-08T04:31:01","date_gmt":"2026-05-08T04:31:01","guid":{"rendered":"https:\/\/lv88tv.com\/?page_id=25"},"modified":"2026-05-14T01:07:40","modified_gmt":"2026-05-14T01:07:40","slug":"da-ga","status":"publish","type":"page","link":"https:\/\/lv88tv.com\/index.php\/da-ga\/","title":{"rendered":"\u0110\u00e1 g\u00e0"},"content":{"rendered":"<h1 style=\"text-align: center;\"><b>\u0110\u00e1 G\u00e0 Tr\u1ef1c Tuy\u1ebfn &#8211; S\u00f4i \u0110\u1ed9ng, K\u1ecbch T\u00ednh T\u1eebng Gi\u00e2y 2026<\/b><\/h1>\n<p><a href=\"https:\/\/lv88tv.com\/da-ga\/\"><b>\u0110\u00e1 g\u00e0<\/b><\/a><span style=\"font-weight: 400;\"> tr\u1ef1c tuy\u1ebfn \u0111ang tr\u1edf th\u00e0nh l\u1ef1a ch\u1ecdn gi\u1ea3i tr\u00ed h\u00e0ng \u0111\u1ea7u c\u1ee7a \u0111\u00f4ng \u0111\u1ea3o h\u1ed9i vi\u00ean t\u1ea1i Vi\u1ec7t Nam. <a href=\"https:\/\/lv88tv.com\/\"><strong>LV88<\/strong><\/a> cung c\u1ea5p chuy\u00ean m\u1ee5c v\u1edbi ch\u1ea5t l\u01b0\u1ee3ng ph\u00e1t s\u00f3ng \u1ed5n \u0111\u1ecbnh, t\u1ef7 l\u1ec7 k\u00e8o c\u1ea1nh tranh c\u00f9ng nhi\u1ec1u \u0111\u01a1n v\u1ecb ph\u00e1t h\u00e0nh uy t\u00edn. H\u00e3y theo d\u00f5i b\u00e0i vi\u1ebft \u0111\u1ec3 n\u1eafm tr\u1ecdn th\u00f4ng tin tr\u01b0\u1edbc khi \u0111\u1eb7t c\u01b0\u1ee3c tr\u1eadn \u0111\u1ea7u ti\u00ean.<\/span><\/p>\n<h2><b>\u0110\u00e1 g\u00e0 t\u1ea1i LV88 &#8211; s\u00e2n ch\u01a1i h\u1ea5p d\u1eabn d\u00e0nh cho h\u1ed9i vi\u00ean<\/b><\/h2>\n<p><b>\u0110\u00e1 g\u00e0<\/b><span style=\"font-weight: 400;\"> tr\u1ef1c tuy\u1ebfn <\/span><b>LV88 com<\/b><span style=\"font-weight: 400;\"> quy t\u1ee5 h\u00e0ng tr\u0103m tr\u1eadn \u0111\u1ea5u ph\u00e1t s\u00f3ng tr\u1ef1c ti\u1ebfp m\u1ed7i ng\u00e0y t\u1eeb c\u00e1c tr\u01b0\u1eddng g\u00e0 l\u1edbn trong khu v\u1ef1c. H\u1ed9i vi\u00ean c\u00f3 th\u1ec3 theo d\u00f5i l\u1ecbch thi \u0111\u1ea5u c\u1eadp nh\u1eadt li\u00ean t\u1ee5c, ch\u1ecdn k\u00e8o linh ho\u1ea1t v\u1edbi m\u1ee9c \u0111\u1eb7t c\u01b0\u1ee3c \u0111a d\u1ea1ng. N\u1ec1n t\u1ea3ng h\u1ed7 tr\u1ee3 c\u1ea3 thi\u1ebft b\u1ecb di \u0111\u1ed9ng l\u1eabn m\u00e1y t\u00ednh v\u1edbi t\u1ed1c \u0111\u1ed9 t\u1ea3i \u1ed5n \u0111\u1ecbnh trong su\u1ed1t tr\u1eadn \u0111\u1ea5u.<\/span><\/p>\n<p><span style=\"font-weight: 400;\">D\u01b0\u1edbi \u0111\u00e2y l\u00e0 nh\u1eefng \u0111i\u1ec3m n\u1ed5i b\u1eadt gi\u00fap chuy\u00ean m\u1ee5c n\u00e0y thu h\u00fat l\u01b0\u1ee3ng l\u1edbn h\u1ed9i vi\u00ean tham gia. C\u00e1c y\u1ebfu t\u1ed1 sau \u0111\u00e2y ph\u00e2n bi\u1ec7t r\u00f5 ch\u1ea5t l\u01b0\u1ee3ng tr\u1ea3i nghi\u1ec7m so v\u1edbi nhi\u1ec1u n\u1ec1n t\u1ea3ng kh\u00e1c tr\u00ean th\u1ecb tr\u01b0\u1eddng.<\/span><\/p>\n<ul>\n<li style=\"font-weight: 400;\" aria-level=\"1\"><span style=\"font-weight: 400;\">Ph\u00e1t s\u00f3ng tr\u1ef1c ti\u1ebfp HD t\u1eeb c\u00e1c tr\u01b0\u1eddng g\u00e0 t\u1ea1i Philippines, Campuchia v\u1edbi \u0111\u1ed9 tr\u1ec5 d\u01b0\u1edbi 3 gi\u00e2y.<\/span><\/li>\n<li style=\"font-weight: 400;\" aria-level=\"1\"><span style=\"font-weight: 400;\">L\u1ecbch thi \u0111\u1ea5u c\u1eadp nh\u1eadt theo th\u1eddi gian th\u1ef1c, hi\u1ec3n th\u1ecb r\u00f5 gi\u1edd v\u00e0o tr\u1eadn l\u1eabn t\u00ecnh tr\u1ea1ng k\u00e8o.<\/span><\/li>\n<li style=\"font-weight: 400;\" aria-level=\"1\"><span style=\"font-weight: 400;\">H\u1ed7 tr\u1ee3 \u0111\u1eb7t c\u01b0\u1ee3c tr\u01b0\u1edbc tr\u1eadn l\u1eabn trong tr\u1eadn v\u1edbi t\u1ec9 l\u1ec7 \u0111\u01b0\u1ee3c \u0111i\u1ec1u ch\u1ec9nh li\u00ean t\u1ee5c theo di\u1ec5n bi\u1ebfn.<\/span><\/li>\n<li style=\"font-weight: 400;\" aria-level=\"1\"><span style=\"font-weight: 400;\">Giao di\u1ec7n ti\u1ebfng Vi\u1ec7t ho\u00e0n to\u00e0n, thao t\u00e1c \u0111\u1eb7t k\u00e8o ho\u00e0n t\u1ea5t trong 15-20 gi\u00e2y.<\/span><\/li>\n<li style=\"font-weight: 400;\" aria-level=\"1\"><span style=\"font-weight: 400;\">L\u1ecbch s\u1eed c\u01b0\u1ee3c l\u01b0u tr\u1eef \u0111\u1ea7y \u0111\u1ee7, h\u1ed9i vi\u00ean tra c\u1ee9u k\u1ebft qu\u1ea3 tr\u1eadn b\u1ea5t k\u1ef3 trong v\u00f2ng 30 ng\u00e0y.<\/span><\/li>\n<li style=\"font-weight: 400;\" aria-level=\"1\"><span style=\"font-weight: 400;\">N\u1ea1p r\u00fat qua nhi\u1ec1u k\u00eanh thanh to\u00e1n ph\u1ed5 bi\u1ebfn t\u1ea1i Vi\u1ec7t Nam, x\u1eed l\u00fd trong 5-10 ph\u00fat.<\/span><\/li>\n<\/ul>\n<figure id=\"attachment_114\" aria-describedby=\"caption-attachment-114\" style=\"width: 800px\" class=\"wp-caption aligncenter\"><img loading=\"lazy\" decoding=\"async\" class=\"size-full wp-image-114\" src=\"https:\/\/lv88tv.com\/wp-content\/uploads\/2026\/05\/khai-quat-chung-ve-cac-tran-dau-da-ga-hap-dan.webp\" alt=\"Kh\u00e1i qu\u00e1t chung v\u1ec1 c\u00e1c tr\u1eadn \u0111\u1ea5u \u0111\u00e1 g\u00e0 h\u1ea5p d\u1eabn\" width=\"800\" height=\"400\" srcset=\"https:\/\/lv88tv.com\/wp-content\/uploads\/2026\/05\/khai-quat-chung-ve-cac-tran-dau-da-ga-hap-dan.webp 800w, https:\/\/lv88tv.com\/wp-content\/uploads\/2026\/05\/khai-quat-chung-ve-cac-tran-dau-da-ga-hap-dan-300x150.webp 300w, https:\/\/lv88tv.com\/wp-content\/uploads\/2026\/05\/khai-quat-chung-ve-cac-tran-dau-da-ga-hap-dan-768x384.webp 768w\" sizes=\"auto, (max-width: 800px) 100vw, 800px\" \/><figcaption id=\"caption-attachment-114\" class=\"wp-caption-text\">Kh\u00e1i qu\u00e1t chung v\u1ec1 c\u00e1c tr\u1eadn \u0111\u1ea5u \u0111\u00e1 g\u00e0 h\u1ea5p d\u1eabn<\/figcaption><\/figure>\n<h2><b>\u01afu \u0111i\u1ec3m n\u1ed5i b\u1eadt khi tham gia \u0111\u00e1 g\u00e0 tr\u1ef1c tuy\u1ebfn tr\u00ean th\u1ecb tr\u01b0\u1eddng<\/b><\/h2>\n<p><b>\u0110\u00e1 g\u00e0<\/b><span style=\"font-weight: 400;\"> tr\u1ef1c tuy\u1ebfn mang l\u1ea1i tr\u1ea3i nghi\u1ec7m kh\u00e1c bi\u1ec7t so v\u1edbi h\u00ecnh th\u1ee9c xem truy\u1ec1n th\u1ed1ng nh\u1edd c\u00f4ng ngh\u1ec7 ph\u00e1t s\u00f3ng hi\u1ec7n \u0111\u1ea1i. Nh\u1eefng \u01b0u \u0111i\u1ec3m d\u01b0\u1edbi \u0111\u00e2y l\u00e0 l\u00fd do h\u1ed9i vi\u00ean ng\u00e0y c\u00e0ng \u01b0u ti\u00ean k\u00eanh tr\u1ef1c tuy\u1ebfn thay v\u00ec \u0111\u1ebfn tr\u01b0\u1eddng g\u00e0 tr\u1ef1c ti\u1ebfp.<\/span><\/p>\n<h3><b>T\u1ed1c \u0111\u1ed9 ph\u00e1t tr\u1ef1c ti\u1ebfp<\/b><\/h3>\n<p><span style=\"font-weight: 400;\">C\u00f4ng ngh\u1ec7 stream hi\u1ec7n t\u1ea1i cho ph\u00e9p truy\u1ec1n t\u1ea3i h\u00ecnh \u1ea3nh tr\u1eadn \u0111\u1ea5u v\u1edbi \u0111\u1ed9 tr\u1ec5 ch\u1ec9 2-3 gi\u00e2y so v\u1edbi th\u1ef1c t\u1ebf t\u1ea1i tr\u01b0\u1eddng g\u00e0. G\u00f3c quay \u0111\u01b0\u1ee3c b\u1ed1 tr\u00ed \u0111a chi\u1ec1u, h\u1ed9i vi\u00ean quan s\u00e1t r\u00f5 t\u1eebng c\u00fa m\u1ed5, \u0111\u00f2n \u0111\u00e1 l\u1eabn ph\u1ea3n \u1ee9ng c\u1ee7a hai con g\u00e0 trong su\u1ed1t tr\u1eadn. Ch\u1ea5t l\u01b0\u1ee3ng h\u00ecnh \u1ea3nh duy tr\u00ec \u1ed5n \u0111\u1ecbnh ngay c\u1ea3 khi k\u1ebft n\u1ed1i m\u1ea1ng dao \u0111\u1ed9ng nh\u1edd c\u01a1 ch\u1ebf t\u1ef1 \u0111i\u1ec1u ch\u1ec9nh bitrate.<\/span><\/p>\n<h3><b>T\u1ec9 l\u1ec7 k\u00e8o c\u01b0\u1ee3c<\/b><\/h3>\n<p><span style=\"font-weight: 400;\">Hai c\u00e2u bridge d\u1eabn v\u00e0o bullet: T\u1ec9 l\u1ec7 k\u00e8o \u0111\u01b0\u1ee3c c\u1eadp nh\u1eadt li\u00ean t\u1ee5c d\u1ef1a tr\u00ean d\u00f2ng ti\u1ec1n th\u1ef1c t\u1ebf t\u1eeb h\u1ed9i vi\u00ean to\u00e0n s\u1ea3nh. B\u1ea3ng d\u01b0\u1edbi \u0111\u00e2y t\u00f3m t\u1eaft c\u00e1c lo\u1ea1i k\u00e8o ph\u1ed5 bi\u1ebfn c\u00f9ng \u0111\u1eb7c \u0111i\u1ec3m t\u1eebng lo\u1ea1i.<\/span><\/p>\n<ul>\n<li style=\"font-weight: 400;\" aria-level=\"1\"><span style=\"font-weight: 400;\">K\u00e8o Meron\/Wala: \u0111\u1eb7t tr\u01b0\u1edbc tr\u1eadn, t\u1ec9 l\u1ec7 c\u1ed1 \u0111\u1ecbnh \u0111\u1ebfn khi tr\u1eadn b\u1eaft \u0111\u1ea7u.<\/span><\/li>\n<li style=\"font-weight: 400;\" aria-level=\"1\"><span style=\"font-weight: 400;\">K\u00e8o BDD (Battle Draw Dead): d\u1ef1 \u0111o\u00e1n k\u1ebft qu\u1ea3 h\u00f2a, t\u1ec9 l\u1ec7 dao \u0111\u1ed9ng 8-12 l\u1ea7n v\u1ed1n.<\/span><\/li>\n<li style=\"font-weight: 400;\" aria-level=\"1\"><span style=\"font-weight: 400;\">K\u00e8o Live In-Play: m\u1edf trong tr\u1eadn, t\u1ec9 l\u1ec7 thay \u0111\u1ed5i theo t\u1eebng giai \u0111o\u1ea1n hi\u1ec7p \u0111\u1ea5u.<\/span><\/li>\n<li style=\"font-weight: 400;\" aria-level=\"1\"><span style=\"font-weight: 400;\">K\u00e8o t\u1ed5ng s\u1ed1 hi\u1ec7p: d\u1ef1 \u0111o\u00e1n tr\u1eadn k\u1ebft th\u00fac tr\u01b0\u1edbc hay sau m\u1ed1c hi\u1ec7p quy \u0111\u1ecbnh.<\/span><\/li>\n<\/ul>\n<h3><b>H\u1ec7 th\u1ed1ng thanh to\u00e1n<\/b><\/h3>\n<p><span style=\"font-weight: 400;\">Giao d\u1ecbch n\u1ea1p r\u00fat \u0111\u01b0\u1ee3c x\u1eed l\u00fd t\u1ef1 \u0111\u1ed9ng qua c\u1ed5ng k\u1ebft n\u1ed1i tr\u1ef1c ti\u1ebfp v\u1edbi ng\u00e2n h\u00e0ng n\u1ed9i \u0111\u1ecba, kh\u00f4ng qua trung gian th\u1ee7 c\u00f4ng. H\u1ed9i vi\u00ean th\u1ef1c hi\u1ec7n l\u1ec7nh r\u00fat trong 5-15 ph\u00fat v\u00e0o gi\u1edd h\u00e0nh ch\u00ednh, t\u1ed1i \u0111a 30 ph\u00fat v\u00e0o khung gi\u1edd cao \u0111i\u1ec3m cu\u1ed1i tu\u1ea7n. H\u1ea1n m\u1ee9c giao d\u1ecbch linh ho\u1ea1t t\u1eeb m\u1ee9c t\u1ed1i thi\u1ec3u th\u1ea5p, ph\u00f9 h\u1ee3p v\u1edbi h\u1ed9i vi\u00ean m\u1edbi l\u1eabn ng\u01b0\u1eddi ch\u01a1i l\u00e2u n\u0103m.<\/span><\/p>\n<figure id=\"attachment_115\" aria-describedby=\"caption-attachment-115\" style=\"width: 800px\" class=\"wp-caption aligncenter\"><img loading=\"lazy\" decoding=\"async\" class=\"size-full wp-image-115\" src=\"https:\/\/lv88tv.com\/wp-content\/uploads\/2026\/05\/uu-diem-thu-hut-khach-hang-cua-tran-chien-ke-truc-tuyen.webp\" alt=\"\u01afu \u0111i\u1ec3m thu h\u00fat kh\u00e1ch h\u00e0ng c\u1ee7a tr\u1eadn chi\u1ebfn k\u00ea tr\u1ef1c tuy\u1ebfn\" width=\"800\" height=\"400\" srcset=\"https:\/\/lv88tv.com\/wp-content\/uploads\/2026\/05\/uu-diem-thu-hut-khach-hang-cua-tran-chien-ke-truc-tuyen.webp 800w, https:\/\/lv88tv.com\/wp-content\/uploads\/2026\/05\/uu-diem-thu-hut-khach-hang-cua-tran-chien-ke-truc-tuyen-300x150.webp 300w, https:\/\/lv88tv.com\/wp-content\/uploads\/2026\/05\/uu-diem-thu-hut-khach-hang-cua-tran-chien-ke-truc-tuyen-768x384.webp 768w\" sizes=\"auto, (max-width: 800px) 100vw, 800px\" \/><figcaption id=\"caption-attachment-115\" class=\"wp-caption-text\">\u01afu \u0111i\u1ec3m thu h\u00fat kh\u00e1ch h\u00e0ng c\u1ee7a tr\u1eadn chi\u1ebfn k\u00ea tr\u1ef1c tuy\u1ebfn<\/figcaption><\/figure>\n<h2><b>C\u00e1c h\u00ecnh th\u1ee9c \u0111\u00e1 g\u00e0 ph\u1ed5 bi\u1ebfn hi\u1ec7n nay \u0111\u01b0\u1ee3c h\u1ed9i vi\u00ean y\u00eau th\u00edch<\/b><\/h2>\n<p><span style=\"font-weight: 400;\">Tr\u1eadn \u0111\u1ea5u chi\u1ebfn k\u00ea tr\u1ef1c tuy\u1ebfn kh\u00f4ng gi\u1edbi h\u1ea1n \u1edf m\u1ed9t th\u1ec3 th\u1ee9c duy nh\u1ea5t m\u00e0 m\u1edf r\u1ed9ng th\u00e0nh nhi\u1ec1u h\u00ecnh th\u1ee9c c\u01b0\u1ee3c v\u1edbi quy t\u1eafc ri\u00eang bi\u1ec7t. Hi\u1ec3u r\u00f5 t\u1eebng h\u00ecnh th\u1ee9c gi\u00fap h\u1ed9i vi\u00ean ch\u1ecdn \u0111\u00fang s\u1ea3nh ph\u00f9 h\u1ee3p v\u1edbi s\u1edf th\u00edch l\u1eabn chi\u1ebfn thu\u1eadt \u0111\u1eb7t c\u01b0\u1ee3c c\u00e1 nh\u00e2n. B\u1ea3ng d\u01b0\u1edbi \u0111\u00e2y t\u1ed5ng h\u1ee3p c\u00e1c h\u00ecnh th\u1ee9c ph\u1ed5 bi\u1ebfn nh\u1ea5t hi\u1ec7n \u0111ang c\u00f3 m\u1eb7t tr\u00ean th\u1ecb tr\u01b0\u1eddng tr\u1ef1c tuy\u1ebfn.<\/span><\/p>\n<p><span style=\"font-weight: 400;\">M\u1ed7i h\u00ecnh th\u1ee9c c\u00f3 ngu\u1ed3n g\u1ed1c, lu\u1eadt thi \u0111\u1ea5u l\u1eabn c\u00e1ch t\u00ednh k\u1ebft qu\u1ea3 kh\u00e1c nhau, \u1ea3nh h\u01b0\u1edfng tr\u1ef1c ti\u1ebfp \u0111\u1ebfn c\u00e1ch ph\u00e2n t\u00edch k\u00e8o c\u1ee7a h\u1ed9i vi\u00ean.<\/span><\/p>\n<table>\n<tbody>\n<tr>\n<td><span style=\"font-weight: 400;\">H\u00ecnh th\u1ee9c<\/span><\/td>\n<td><span style=\"font-weight: 400;\">Xu\u1ea5t x\u1ee9<\/span><\/td>\n<td><span style=\"font-weight: 400;\">S\u1ed1 hi\u1ec7p<\/span><\/td>\n<td><span style=\"font-weight: 400;\">Th\u1eddi gian\/hi\u1ec7p<\/span><\/td>\n<td><span style=\"font-weight: 400;\">\u0110\u1eb7c \u0111i\u1ec3m<\/span><\/td>\n<\/tr>\n<tr>\n<td><span style=\"font-weight: 400;\">Thomo<\/span><\/td>\n<td><span style=\"font-weight: 400;\">Campuchia<\/span><\/td>\n<td><span style=\"font-weight: 400;\">1<\/span><\/td>\n<td><span style=\"font-weight: 400;\">Kh\u00f4ng gi\u1edbi h\u1ea1n<\/span><\/td>\n<td><span style=\"font-weight: 400;\">\u0110\u1ea5u \u0111\u1ebfn khi c\u00f3 g\u00e0 thua r\u00f5 r\u00e0ng<\/span><\/td>\n<\/tr>\n<tr>\n<td><span style=\"font-weight: 400;\">Dao<\/span><\/td>\n<td><span style=\"font-weight: 400;\">Philippines<\/span><\/td>\n<td><span style=\"font-weight: 400;\">1<\/span><\/td>\n<td><span style=\"font-weight: 400;\">&lt;5 ph\u00fat<\/span><\/td>\n<td><span style=\"font-weight: 400;\">G\u1eafn dao c\u1ef1a, k\u1ebft th\u00fac nhanh<\/span><\/td>\n<\/tr>\n<tr>\n<td><span style=\"font-weight: 400;\">S\u1eaft<\/span><\/td>\n<td><span style=\"font-weight: 400;\">Vi\u1ec7t Nam<\/span><\/td>\n<td><span style=\"font-weight: 400;\">3-5<\/span><\/td>\n<td><span style=\"font-weight: 400;\">20-30 ph\u00fat<\/span><\/td>\n<td><span style=\"font-weight: 400;\">C\u1ef1a kim lo\u1ea1i, t\u00ednh \u0111i\u1ec3m theo hi\u1ec7p<\/span><\/td>\n<\/tr>\n<tr>\n<td><span style=\"font-weight: 400;\">\u0110\u00e1 g\u00e0 c\u1ef1a tre<\/span><\/td>\n<td><span style=\"font-weight: 400;\">Vi\u1ec7t Nam<\/span><\/td>\n<td><span style=\"font-weight: 400;\">3<\/span><\/td>\n<td><span style=\"font-weight: 400;\">15-20 ph\u00fat<\/span><\/td>\n<td><span style=\"font-weight: 400;\">C\u1ef1a tre, \u00edt s\u00e1t th\u01b0\u01a1ng, \u0111\u1ea5u \u0111i\u1ec3m<\/span><\/td>\n<\/tr>\n<tr>\n<td><span style=\"font-weight: 400;\">WS168 Live<\/span><\/td>\n<td><span style=\"font-weight: 400;\">Qu\u1ed1c t\u1ebf<\/span><\/td>\n<td><span style=\"font-weight: 400;\">1<\/span><\/td>\n<td><span style=\"font-weight: 400;\">Linh ho\u1ea1t<\/span><\/td>\n<td><span style=\"font-weight: 400;\">Ph\u00e1t s\u00f3ng \u0111a tr\u01b0\u1eddng g\u00e0 \u0111\u1ed3ng th\u1eddi<\/span><\/td>\n<\/tr>\n<tr>\n<td><span style=\"font-weight: 400;\">SV388 Online<\/span><\/td>\n<td><span style=\"font-weight: 400;\">Philippines<\/span><\/td>\n<td><span style=\"font-weight: 400;\">1<\/span><\/td>\n<td><span style=\"font-weight: 400;\">&lt;10 ph\u00fat<\/span><\/td>\n<td><span style=\"font-weight: 400;\">K\u1ebft h\u1ee3p k\u00e8o tr\u1ef1c ti\u1ebfp l\u1eabn k\u00e8o s\u1edbm<\/span><\/td>\n<\/tr>\n<\/tbody>\n<\/table>\n<p>Xem th\u00eam: <a href=\"https:\/\/lv88tv.com\/the-thao\/\"><strong>Th\u1ec3 thao<\/strong><\/a><\/p>\n<h2><b>\u0110\u01a1n v\u1ecb ph\u00e1t h\u00e0nh cung c\u1ea5p \u0111\u00e1 g\u00e0 tr\u1ef1c tuy\u1ebfn uy t\u00edn hi\u1ec7n nay<\/b><\/h2>\n<p><b>\u0110\u00e1 g\u00e0<\/b><span style=\"font-weight: 400;\"> tr\u1ef1c tuy\u1ebfn hi\u1ec7n \u0111\u01b0\u1ee3c v\u1eadn h\u00e0nh b\u1edfi nhi\u1ec1u \u0111\u01a1n v\u1ecb ph\u00e1t h\u00e0nh chuy\u00ean bi\u1ec7t v\u1edbi h\u1ea1 t\u1ea7ng k\u1ef9 thu\u1eadt ri\u00eang bi\u1ec7t. M\u1ed7i nh\u00e0 cung c\u1ea5p s\u1edf h\u1eefu h\u1ec7 th\u1ed1ng tr\u01b0\u1eddng g\u00e0, giao th\u1ee9c ph\u00e1t s\u00f3ng l\u1eabn c\u01a1 c\u1ea5u k\u00e8o c\u01b0\u1ee3c kh\u00e1c nhau, \u1ea3nh h\u01b0\u1edfng tr\u1ef1c ti\u1ebfp \u0111\u1ebfn tr\u1ea3i nghi\u1ec7m c\u1ee7a h\u1ed9i vi\u00ean.<\/span><\/p>\n<h3><b>SV388<\/b><\/h3>\n<p><span style=\"font-weight: 400;\">SV388 l\u00e0 th\u01b0\u01a1ng hi\u1ec7u g\u1eafn li\u1ec1n v\u1edbi<\/span><b> \u0111\u00e1 g\u00e0<\/b><span style=\"font-weight: 400;\"> dao t\u1eeb Philippines, n\u01a1i m\u1ed7i tr\u1eadn th\u01b0\u1eddng k\u1ebft th\u00fac trong v\u00f2ng 3-5 ph\u00fat. B\u1ea3ng d\u01b0\u1edbi \u0111\u00e2y t\u00f3m t\u1eaft \u0111\u1eb7c \u0111i\u1ec3m k\u1ef9 thu\u1eadt n\u1ed5i b\u1eadt c\u1ee7a s\u1ea3nh n\u00e0y so v\u1edbi ti\u00eau chu\u1ea9n chung.<\/span><\/p>\n<table>\n<tbody>\n<tr>\n<td><span style=\"font-weight: 400;\">Ti\u00eau ch\u00ed<\/span><\/td>\n<td><span style=\"font-weight: 400;\">SV388<\/span><\/td>\n<\/tr>\n<tr>\n<td><span style=\"font-weight: 400;\">Ngu\u1ed3n tr\u1eadn<\/span><\/td>\n<td><span style=\"font-weight: 400;\">Philippines (PITMASTER)<\/span><\/td>\n<\/tr>\n<tr>\n<td><span style=\"font-weight: 400;\">S\u1ed1 tr\u1eadn\/ng\u00e0y<\/span><\/td>\n<td><span style=\"font-weight: 400;\">&gt;200<\/span><\/td>\n<\/tr>\n<tr>\n<td><span style=\"font-weight: 400;\">\u0110\u1ed9 tr\u1ec5 stream<\/span><\/td>\n<td><span style=\"font-weight: 400;\">2-3 gi\u00e2y<\/span><\/td>\n<\/tr>\n<tr>\n<td><span style=\"font-weight: 400;\">Lo\u1ea1i k\u00e8o<\/span><\/td>\n<td><span style=\"font-weight: 400;\">Meron, Wala, Draw<\/span><\/td>\n<\/tr>\n<\/tbody>\n<\/table>\n<h3><b>WS168<\/b><\/h3>\n<p><span style=\"font-weight: 400;\">WS168 v\u1eadn h\u00e0nh h\u1ec7 th\u1ed1ng ph\u00e1t s\u00f3ng \u0111a tr\u01b0\u1eddng g\u00e0, cho ph\u00e9p h\u1ed9i vi\u00ean theo d\u00f5i 3-5 tr\u1eadn di\u1ec5n ra song song tr\u00ean c\u00f9ng m\u1ed9t giao di\u1ec7n. S\u1ea3nh t\u1eadp trung v\u00e0o lo\u1ea1i h\u00ecnh c\u1ef1a s\u1eaft v\u1edbi l\u1ecbch thi \u0111\u1ea5u d\u00e0y \u0111\u1eb7c v\u00e0o khung 8:00-23:00 h\u1eb1ng ng\u00e0y, ph\u1ee5c v\u1ee5 h\u1ed9i vi\u00ean \u1edf nhi\u1ec1u m\u00fai gi\u1edd kh\u00e1c nhau. T\u1ec9 l\u1ec7 k\u00e8o t\u1ea1i WS168 \u0111\u01b0\u1ee3c \u0111\u00e1nh gi\u00e1 c\u1ea1nh tranh nh\u1edd c\u01a1 ch\u1ebf c\u00e2n b\u1eb1ng t\u1ef1 \u0111\u1ed9ng gi\u1eefa hai phe \u0111\u1eb7t c\u01b0\u1ee3c.<\/span><\/p>\n<figure id=\"attachment_113\" aria-describedby=\"caption-attachment-113\" style=\"width: 800px\" class=\"wp-caption aligncenter\"><img loading=\"lazy\" decoding=\"async\" class=\"size-full wp-image-113\" src=\"https:\/\/lv88tv.com\/wp-content\/uploads\/2026\/05\/doi-tac-phat-hanh-uy-tin-hop-tac-cung-nha-cai.webp\" alt=\"\u0110\u1ed1i t\u00e1c ph\u00e1t h\u00e0nh uy t\u00edn h\u1ee3p t\u00e1c c\u00f9ng nh\u00e0 c\u00e1i\" width=\"800\" height=\"400\" srcset=\"https:\/\/lv88tv.com\/wp-content\/uploads\/2026\/05\/doi-tac-phat-hanh-uy-tin-hop-tac-cung-nha-cai.webp 800w, https:\/\/lv88tv.com\/wp-content\/uploads\/2026\/05\/doi-tac-phat-hanh-uy-tin-hop-tac-cung-nha-cai-300x150.webp 300w, https:\/\/lv88tv.com\/wp-content\/uploads\/2026\/05\/doi-tac-phat-hanh-uy-tin-hop-tac-cung-nha-cai-768x384.webp 768w\" sizes=\"auto, (max-width: 800px) 100vw, 800px\" \/><figcaption id=\"caption-attachment-113\" class=\"wp-caption-text\">\u0110\u1ed1i t\u00e1c ph\u00e1t h\u00e0nh uy t\u00edn h\u1ee3p t\u00e1c c\u00f9ng nh\u00e0 c\u00e1i<\/figcaption><\/figure>\n<h2><b>K\u1ebft lu\u1eadn<\/b><\/h2>\n<p><b>\u0110\u00e1 g\u00e0 <\/b><span style=\"font-weight: 400;\">tr\u1ef1c tuy\u1ebfn \u0111ang ph\u00e1t tri\u1ec3n m\u1ea1nh v\u1edbi h\u00e0ng tr\u0103m tr\u1eadn ph\u00e1t s\u00f3ng m\u1ed7i ng\u00e0y t\u1eeb nhi\u1ec1u \u0111\u01a1n v\u1ecb uy t\u00edn. LV88 t\u1eadp h\u1ee3p \u0111\u1ea7y \u0111\u1ee7 c\u00e1c s\u1ea3nh l\u1edbn nh\u01b0 SABA, SV388 l\u1eabn WS168 trong m\u1ed9t n\u1ec1n t\u1ea3ng duy nh\u1ea5t v\u1edbi giao di\u1ec7n ti\u1ebfng Vi\u1ec7t. H\u00e3y \u0111\u0103ng k\u00fd t\u00e0i kho\u1ea3n ngay \u0111\u1ec3 tr\u1ea3i nghi\u1ec7m to\u00e0n b\u1ed9 chuy\u00ean m\u1ee5c v\u1edbi ch\u1ea5t l\u01b0\u1ee3ng ph\u00e1t s\u00f3ng chu\u1ea9n qu\u1ed1c t\u1ebf.<\/span><\/p>\n","protected":false},"excerpt":{"rendered":"<p>\u0110\u00e1 G\u00e0 Tr\u1ef1c Tuy\u1ebfn &#8211; S\u00f4i \u0110\u1ed9ng, K\u1ecbch T\u00ednh T\u1eebng Gi\u00e2y 2026 \u0110\u00e1 g\u00e0 tr\u1ef1c tuy\u1ebfn \u0111ang tr\u1edf th\u00e0nh l\u1ef1a ch\u1ecdn gi\u1ea3i tr\u00ed h\u00e0ng \u0111\u1ea7u c\u1ee7a \u0111\u00f4ng \u0111\u1ea3o h\u1ed9i vi\u00ean t\u1ea1i Vi\u1ec7t Nam. LV88 cung c\u1ea5p chuy\u00ean m\u1ee5c v\u1edbi ch\u1ea5t l\u01b0\u1ee3ng ph\u00e1t s\u00f3ng \u1ed5n \u0111\u1ecbnh, t\u1ef7 l\u1ec7 k\u00e8o c\u1ea1nh tranh c\u00f9ng nhi\u1ec1u \u0111\u01a1n v\u1ecb ph\u00e1t [&#8230;]\n","protected":false},"author":1,"featured_media":0,"parent":0,"menu_order":0,"comment_status":"closed","ping_status":"closed","template":"","meta":{"footnotes":""},"class_list":["post-25","page","type-page","status-publish","hentry"],"_links":{"self":[{"href":"https:\/\/lv88tv.com\/index.php\/wp-json\/wp\/v2\/pages\/25","targetHints":{"allow":["GET"]}}],"collection":[{"href":"https:\/\/lv88tv.com\/index.php\/wp-json\/wp\/v2\/pages"}],"about":[{"href":"https:\/\/lv88tv.com\/index.php\/wp-json\/wp\/v2\/types\/page"}],"author":[{"embeddable":true,"href":"https:\/\/lv88tv.com\/index.php\/wp-json\/wp\/v2\/users\/1"}],"replies":[{"embeddable":true,"href":"https:\/\/lv88tv.com\/index.php\/wp-json\/wp\/v2\/comments?post=25"}],"version-history":[{"count":2,"href":"https:\/\/lv88tv.com\/index.php\/wp-json\/wp\/v2\/pages\/25\/revisions"}],"predecessor-version":[{"id":132,"href":"https:\/\/lv88tv.com\/index.php\/wp-json\/wp\/v2\/pages\/25\/revisions\/132"}],"wp:attachment":[{"href":"https:\/\/lv88tv.com\/index.php\/wp-json\/wp\/v2\/media?parent=25"}],"curies":[{"name":"wp","href":"https:\/\/api.w.org\/{rel}","templated":true}]}}