{"id":19,"date":"2026-05-08T03:57:03","date_gmt":"2026-05-08T03:57:03","guid":{"rendered":"https:\/\/lv88tv.com\/?page_id=19"},"modified":"2026-05-13T14:44:30","modified_gmt":"2026-05-13T14:44:30","slug":"ban-ca","status":"publish","type":"page","link":"https:\/\/lv88tv.com\/index.php\/ban-ca\/","title":{"rendered":"B\u1eafn c\u00e1"},"content":{"rendered":"<h1 style=\"text-align: center;\"><b>B\u1eafn C\u00e1 LV88 &#8211; S\u1ea3nh Game \u0110\u1ed5i Th\u01b0\u1edfng H\u00e0ng \u0110\u1ea7u Vi\u1ec7t Nam<\/b><\/h1>\n<p><a href=\"https:\/\/lv88tv.com\/ban-ca\/\"><b>B\u1eafn c\u00e1<\/b><\/a><span style=\"font-weight: 400;\"> l\u00e0 th\u1ec3 lo\u1ea1i game \u0111\u1ed5i th\u01b0\u1edfng k\u1ebft h\u1ee3p k\u1ef9 n\u0103ng ng\u1eafm b\u1eafn v\u1edbi c\u01a1 ch\u1ebf nh\u1eadn th\u01b0\u1edfng theo t\u1ef7 l\u1ec7 c\u00e1 \u0111\u01b0\u1ee3c ti\u00eau di\u1ec7t. <a href=\"https:\/\/lv88tv.com\/\"><strong>LV88<\/strong><\/a> cung c\u1ea5p chuy\u00ean m\u1ee5c \u0111a d\u1ea1ng v\u1edbi h\u01a1n 20 t\u1ef1a game t\u1eeb c\u00e1c nh\u00e0 ph\u00e1t h\u00e0nh \u0111\u01b0\u1ee3c c\u1ea5p ph\u00e9p qu\u1ed1c t\u1ebf. H\u00e3y \u0111\u1ecdc ti\u1ebfp \u0111\u1ec3 n\u1eafm to\u00e0n b\u1ed9 th\u00f4ng tin tr\u01b0\u1edbc khi b\u1eaft \u0111\u1ea7u tr\u1ea3i nghi\u1ec7m.<\/span><\/p>\n<h2><b>B\u1eafn c\u00e1 t\u1ea1i LV88 &#8211; Gi\u1edbi thi\u1ec7u t\u1ed5ng quan v\u00e0 c\u00e1ch ti\u1ebfp c\u1eadn<\/b><\/h2>\n<p><b>B\u1eafn c\u00e1<\/b><span style=\"font-weight: 400;\"> v\u1eadn h\u00e0nh theo c\u01a1 ch\u1ebf ng\u01b0\u1eddi ch\u01a1i d\u00f9ng \u0111\u1ea1n \u0111\u1ec3 ti\u00eau di\u1ec7t c\u00e1, v\u1edbi t\u1ef7 l\u1ec7 th\u01b0\u1edfng t\u00ednh theo h\u1ec7 s\u1ed1 nh\u00e2n c\u1ee7a t\u1eebng lo\u1ea1i c\u00e1. M\u1ed7i v\u00e1n \u0111\u1ea5u di\u1ec5n ra theo th\u1eddi gian th\u1ef1c v\u1edbi nhi\u1ec1u ng\u01b0\u1eddi tham gia c\u00f9ng l\u00fac tr\u00ean m\u1ed9t b\u00e0n ch\u01a1i chung. Hai y\u1ebfu t\u1ed1 quy\u1ebft \u0111\u1ecbnh k\u1ebft qu\u1ea3 g\u1ed3m t\u1ed1c \u0111\u1ed9 ph\u1ea3n x\u1ea1 k\u00e8m kh\u1ea3 n\u0103ng ph\u00e2n b\u1ed5 \u0111\u1ea1n h\u1ee3p l\u00fd theo t\u1eebng m\u1ee5c ti\u00eau.<\/span><\/p>\n<p><span style=\"font-weight: 400;\">S\u1ea3nh game cung c\u1ea5p nhi\u1ec1u ch\u1ebf \u0111\u1ed9 ch\u01a1i v\u1edbi m\u1ee9c c\u01b0\u1ee3c linh ho\u1ea1t t\u1eeb 0,1 \u0111\u1ebfn h\u00e0ng tr\u0103m \u0111\u01a1n v\u1ecb m\u1ed7i vi\u00ean \u0111\u1ea1n. D\u01b0\u1edbi \u0111\u00e2y l\u00e0 c\u00e1c kh\u00eda c\u1ea1nh c\u1ee5 th\u1ec3 gi\u00fap h\u1ed9i vi\u00ean m\u1edbi n\u1eafm r\u00f5 tr\u01b0\u1edbc khi tham gia.<\/span><\/p>\n<h3><b>H\u00ecnh th\u1ee9c v\u1eadn h\u00e0nh<\/b><\/h3>\n<p><span style=\"font-weight: 400;\">Game ho\u1ea1t \u0111\u1ed9ng d\u1ef1a tr\u00ean h\u1ec7 th\u1ed1ng RNG \u0111\u01b0\u1ee3c ki\u1ec3m \u0111\u1ecbnh \u0111\u1ed9c l\u1eadp, \u0111\u1ea3m b\u1ea3o k\u1ebft qu\u1ea3 ng\u1eabu nhi\u00ean v\u1edbi t\u1ef7 l\u1ec7 ho\u00e0n tr\u1ea3 trung b\u00ecnh t\u1eeb 95-97% theo t\u1eebng nh\u00e0 ph\u00e1t h\u00e0nh. M\u1ed7i lo\u1ea1i c\u00e1 mang h\u1ec7 s\u1ed1 nh\u00e2n kh\u00e1c nhau, trong \u0111\u00f3 c\u00e1 boss th\u01b0\u1eddng c\u00f3 h\u1ec7 s\u1ed1 t\u1eeb 100-500 l\u1ea7n c\u01b0\u1ee3c ban \u0111\u1ea7u. \u0110\u1ea1n b\u1eafn ra \u0111\u01b0\u1ee3c tr\u1eeb tr\u1ef1c ti\u1ebfp t\u1eeb s\u1ed1 d\u01b0 t\u00e0i kho\u1ea3n, k\u1ebft qu\u1ea3 tr\u1ea3 th\u01b0\u1edfng v\u1ec1 ngay sau khi ti\u00eau di\u1ec7t th\u00e0nh c\u00f4ng.<\/span><\/p>\n<figure id=\"attachment_94\" aria-describedby=\"caption-attachment-94\" style=\"width: 800px\" class=\"wp-caption aligncenter\"><img loading=\"lazy\" decoding=\"async\" class=\"size-full wp-image-94\" src=\"https:\/\/lv88tv.com\/wp-content\/uploads\/2026\/05\/thong-tin-gioi-thieu-ve-game-ban-ca-an-tuong-cua-nha-cai.webp\" alt=\"Th\u00f4ng tin gi\u1edbi thi\u1ec7u v\u1ec1 game b\u1eafn c\u00e1 \u1ea5n t\u01b0\u1ee3ng c\u1ee7a nh\u00e0 c\u00e1i\" width=\"800\" height=\"400\" srcset=\"https:\/\/lv88tv.com\/wp-content\/uploads\/2026\/05\/thong-tin-gioi-thieu-ve-game-ban-ca-an-tuong-cua-nha-cai.webp 800w, https:\/\/lv88tv.com\/wp-content\/uploads\/2026\/05\/thong-tin-gioi-thieu-ve-game-ban-ca-an-tuong-cua-nha-cai-300x150.webp 300w, https:\/\/lv88tv.com\/wp-content\/uploads\/2026\/05\/thong-tin-gioi-thieu-ve-game-ban-ca-an-tuong-cua-nha-cai-768x384.webp 768w\" sizes=\"auto, (max-width: 800px) 100vw, 800px\" \/><figcaption id=\"caption-attachment-94\" class=\"wp-caption-text\">Th\u00f4ng tin gi\u1edbi thi\u1ec7u v\u1ec1 game b\u1eafn c\u00e1 \u1ea5n t\u01b0\u1ee3ng c\u1ee7a nh\u00e0 c\u00e1i<\/figcaption><\/figure>\n<h3><b>Giao di\u1ec7n v\u00e0 tr\u1ea3i nghi\u1ec7m<\/b><\/h3>\n<p><span style=\"font-weight: 400;\">Chuy\u00ean m\u1ee5c t\u00edch h\u1ee3p \u0111\u1ed3 h\u1ecda 2D l\u1eabn 3D t\u00f9y t\u1eebng t\u1ef1a game, v\u1edbi hi\u1ec7u \u1ee9ng h\u00ecnh \u1ea3nh \u0111\u01b0\u1ee3c t\u1ed1i \u01b0u cho c\u1ea3 thi\u1ebft b\u1ecb di \u0111\u1ed9ng c\u0169ng nh\u01b0 m\u00e1y t\u00ednh. D\u01b0\u1edbi \u0111\u00e2y l\u00e0 c\u00e1c \u0111i\u1ec3m n\u1ed5i b\u1eadt v\u1ec1 tr\u1ea3i nghi\u1ec7m ng\u01b0\u1eddi d\u00f9ng:<\/span><\/p>\n<ul>\n<li style=\"font-weight: 400;\" aria-level=\"1\"><span style=\"font-weight: 400;\">Giao di\u1ec7n h\u1ed7 tr\u1ee3 ti\u1ebfng Vi\u1ec7t to\u00e0n ph\u1ea7n, kh\u00f4ng c\u1ea7n chuy\u1ec3n ng\u00f4n ng\u1eef th\u1ee7 c\u00f4ng.<\/span><\/li>\n<li style=\"font-weight: 400;\" aria-level=\"1\"><span style=\"font-weight: 400;\">T\u1ed1c \u0111\u1ed9 t\u1ea3i game d\u01b0\u1edbi 5 gi\u00e2y tr\u00ean k\u1ebft n\u1ed1i 4G th\u00f4ng th\u01b0\u1eddng.<\/span><\/li>\n<li style=\"font-weight: 400;\" aria-level=\"1\"><span style=\"font-weight: 400;\">Ch\u1ebf \u0111\u1ed9 th\u1eed mi\u1ec5n ph\u00ed c\u00f3 s\u1eb5n t\u1ea1i h\u1ea7u h\u1ebft t\u1ef1a game trong s\u1ea3nh.<\/span><\/li>\n<li style=\"font-weight: 400;\" aria-level=\"1\"><span style=\"font-weight: 400;\">\u00c2m thanh c\u00f3 th\u1ec3 t\u1eaft \u0111\u1ed9c l\u1eadp m\u00e0 kh\u00f4ng \u1ea3nh h\u01b0\u1edfng \u0111\u1ebfn t\u1ed1c \u0111\u1ed9 x\u1eed l\u00fd.<\/span><\/li>\n<\/ul>\n<h2><b>\u01afu \u0111i\u1ec3m n\u1ed5i b\u1eadt c\u1ee7a chuy\u00ean m\u1ee5c thu h\u00fat h\u1ed9i vi\u00ean<\/b><\/h2>\n<p><b>B\u1eafn c\u00e1<\/b><span style=\"font-weight: 400;\"> t\u1ea1i \u0111\u00e2y n\u1ed5i b\u1eadt nh\u1edd h\u1ec7 th\u1ed1ng k\u1ef9 thu\u1eadt \u1ed5n \u0111\u1ecbnh v\u1edbi th\u1eddi gian ho\u1ea1t \u0111\u1ed9ng li\u00ean t\u1ee5c 99,9% theo cam k\u1ebft nh\u00e0 c\u00e1i. S\u1ea3nh game t\u00edch h\u1ee3p h\u01a1n 20 t\u1ef1a game t\u1eeb 5 nh\u00e0 ph\u00e1t h\u00e0nh l\u1edbn, ph\u1ee7 \u0111\u1ea7y \u0111\u1ee7 c\u00e1c ph\u00e2n kh\u00fac c\u01b0\u1ee3c t\u1eeb th\u1ea5p \u0111\u1ebfn cao. H\u1ed9i vi\u00ean kh\u00f4ng ph\u1ea3i t\u1ea3i \u1ee9ng d\u1ee5ng ri\u00eang v\u00ec to\u00e0n b\u1ed9 game ch\u1ea1y tr\u1ef1c ti\u1ebfp tr\u00ean tr\u00ecnh duy\u1ec7t ho\u1eb7c app LV88.<\/span><\/p>\n<p><span style=\"font-weight: 400;\">C\u00e1c \u01b0u \u0111i\u1ec3m d\u01b0\u1edbi \u0111\u00e2y ph\u1ea3n \u00e1nh l\u00fd do s\u1ea3nh n\u00e0y thu h\u00fat l\u01b0\u1ee3ng l\u1edbn h\u1ed9i vi\u00ean th\u01b0\u1eddng xuy\u00ean quay l\u1ea1i:<\/span><\/p>\n<ul>\n<li style=\"font-weight: 400;\" aria-level=\"1\"><span style=\"font-weight: 400;\">T\u1ef7 l\u1ec7 ho\u00e0n tr\u1ea3 (RTP) c\u00f4ng b\u1ed1 minh b\u1ea1ch theo t\u1eebng t\u1ef1a game, dao \u0111\u1ed9ng 95-97%.<\/span><\/li>\n<li style=\"font-weight: 400;\" aria-level=\"1\"><span style=\"font-weight: 400;\">H\u1ed7 tr\u1ee3 c\u01b0\u1ee3c th\u1ea5p t\u1eeb 100 VN\u0110 m\u1ed7i vi\u00ean \u0111\u1ea1n, ph\u00f9 h\u1ee3p h\u1ed9i vi\u00ean m\u1edbi.<\/span><\/li>\n<li style=\"font-weight: 400;\" aria-level=\"1\"><span style=\"font-weight: 400;\">M\u00e1y ch\u1ee7 \u0111\u1eb7t t\u1ea1i khu v\u1ef1c ch\u00e2u \u00c1, \u0111\u1ed9 tr\u1ec5 k\u1ebft n\u1ed1i d\u01b0\u1edbi 80ms v\u1edbi ng\u01b0\u1eddi d\u00f9ng trong n\u01b0\u1edbc.<\/span><\/li>\n<li style=\"font-weight: 400;\" aria-level=\"1\"><span style=\"font-weight: 400;\">Giao d\u1ecbch n\u1ea1p r\u00fat h\u1ed7 tr\u1ee3 chuy\u1ec3n kho\u1ea3n ng\u00e2n h\u00e0ng n\u1ed9i \u0111\u1ecba l\u1eabn v\u00ed \u0111i\u1ec7n t\u1eed ph\u1ed5 bi\u1ebfn.<\/span><\/li>\n<li style=\"font-weight: 400;\" aria-level=\"1\"><span style=\"font-weight: 400;\">S\u1ea3nh game ho\u1ea1t \u0111\u1ed9ng 24\/7, kh\u00f4ng c\u00f3 khung gi\u1edd b\u1ea3o tr\u00ec c\u1ed1 \u0111\u1ecbnh \u1ea3nh h\u01b0\u1edfng tr\u1ea3i nghi\u1ec7m.<\/span><\/li>\n<li style=\"font-weight: 400;\" aria-level=\"1\"><span style=\"font-weight: 400;\">T\u00e0i kho\u1ea3n \u0111\u01b0\u1ee3c b\u1ea3o v\u1ec7 b\u1eb1ng x\u00e1c th\u1ef1c 2 l\u1edbp, h\u1ea1n ch\u1ebf r\u1ee7i ro truy c\u1eadp tr\u00e1i ph\u00e9p.<\/span><\/li>\n<\/ul>\n<figure id=\"attachment_92\" aria-describedby=\"caption-attachment-92\" style=\"width: 800px\" class=\"wp-caption aligncenter\"><img loading=\"lazy\" decoding=\"async\" class=\"size-full wp-image-92\" src=\"https:\/\/lv88tv.com\/wp-content\/uploads\/2026\/05\/danh-gia-cac-uu-diem-thu-hut-khach-hang-cua-chuyen-muc.webp\" alt=\"\u0110\u00e1nh gi\u00e1 c\u00e1c \u01b0u \u0111i\u1ec3m thu h\u00fat kh\u00e1ch h\u00e0ng c\u1ee7a chuy\u00ean m\u1ee5c\" width=\"800\" height=\"400\" srcset=\"https:\/\/lv88tv.com\/wp-content\/uploads\/2026\/05\/danh-gia-cac-uu-diem-thu-hut-khach-hang-cua-chuyen-muc.webp 800w, https:\/\/lv88tv.com\/wp-content\/uploads\/2026\/05\/danh-gia-cac-uu-diem-thu-hut-khach-hang-cua-chuyen-muc-300x150.webp 300w, https:\/\/lv88tv.com\/wp-content\/uploads\/2026\/05\/danh-gia-cac-uu-diem-thu-hut-khach-hang-cua-chuyen-muc-768x384.webp 768w\" sizes=\"auto, (max-width: 800px) 100vw, 800px\" \/><figcaption id=\"caption-attachment-92\" class=\"wp-caption-text\">\u0110\u00e1nh gi\u00e1 c\u00e1c \u01b0u \u0111i\u1ec3m thu h\u00fat kh\u00e1ch h\u00e0ng c\u1ee7a chuy\u00ean m\u1ee5c<\/figcaption><\/figure>\n<h2><b>Danh s\u00e1ch s\u1ea3n ph\u1ea9m b\u1eafn c\u00e1 ph\u1ed5 bi\u1ebfn tr\u00ean th\u1ecb tr\u01b0\u1eddng<\/b><\/h2>\n<p><span style=\"font-weight: 400;\">B\u1eafn c\u00e1 c\u00f3 nhi\u1ec1u t\u1ef1a game v\u1edbi c\u01a1 ch\u1ebf kh\u00e1c nhau, t\u1eeb s\u1ea3n ph\u1ea9m\u00a0 th\u00f4ng th\u01b0\u1eddng \u0111\u1ebfn phi\u00ean b\u1ea3n c\u00f3 boss \u0111\u1eb7c bi\u1ec7t k\u00e8m v\u0169 kh\u00ed h\u1ed7 tr\u1ee3. M\u1ed7i t\u1ef1a game mang thi\u1ebft k\u1ebf ri\u00eang bi\u1ec7t, h\u1ec7 s\u1ed1 nh\u00e2n v\u00e0 t\u1ef7 l\u1ec7 xu\u1ea5t hi\u1ec7n c\u00e1 qu\u00fd c\u0169ng kh\u00f4ng gi\u1ed1ng nhau. B\u1ea3ng d\u01b0\u1edbi \u0111\u00e2y t\u1ed5ng h\u1ee3p c\u00e1c s\u1ea3n ph\u1ea9m \u0111\u01b0\u1ee3c h\u1ed9i vi\u00ean l\u1ef1a ch\u1ecdn nhi\u1ec1u nh\u1ea5t trong s\u1ea3nh:<\/span><\/p>\n<p><span style=\"font-weight: 400;\">D\u01b0\u1edbi \u0111\u00e2y l\u00e0 th\u00f4ng tin chi ti\u1ebft t\u1eebng t\u1ef1a game \u0111\u1ec3 h\u1ed9i vi\u00ean d\u1ec5 so s\u00e1nh tr\u01b0\u1edbc khi v\u00e0o ch\u01a1i:<\/span><\/p>\n<table>\n<tbody>\n<tr>\n<td><span style=\"font-weight: 400;\">T\u00ean game<\/span><\/td>\n<td><span style=\"font-weight: 400;\">Nh\u00e0 ph\u00e1t h\u00e0nh<\/span><\/td>\n<td><span style=\"font-weight: 400;\">C\u01b0\u1ee3c t\u1ed1i thi\u1ec3u<\/span><\/td>\n<td><span style=\"font-weight: 400;\">H\u1ec7 s\u1ed1 boss t\u1ed1i \u0111a<\/span><\/td>\n<td><span style=\"font-weight: 400;\">T\u00ednh n\u0103ng \u0111\u1eb7c bi\u1ec7t<\/span><\/td>\n<\/tr>\n<tr>\n<td><span style=\"font-weight: 400;\">S\u0103n C\u00e1 Th\u1ea7n T\u00e0i<\/span><\/td>\n<td><span style=\"font-weight: 400;\">JDB<\/span><\/td>\n<td><span style=\"font-weight: 400;\">100 VN\u0110<\/span><\/td>\n<td><span style=\"font-weight: 400;\">500x<\/span><\/td>\n<td><span style=\"font-weight: 400;\">\u0110\u1ea1n xuy\u00ean nhi\u1ec1u c\u00e1<\/span><\/td>\n<\/tr>\n<tr>\n<td><span style=\"font-weight: 400;\">C\u00e1 V\u00e0ng \u0110\u1ea1i Chi\u1ebfn<\/span><\/td>\n<td><span style=\"font-weight: 400;\">CQ9<\/span><\/td>\n<td><span style=\"font-weight: 400;\">200 VN\u0110<\/span><\/td>\n<td><span style=\"font-weight: 400;\">300x<\/span><\/td>\n<td><span style=\"font-weight: 400;\">Boss xu\u1ea5t hi\u1ec7n theo gi\u1edd<\/span><\/td>\n<\/tr>\n<tr>\n<td><span style=\"font-weight: 400;\">S\u0103n C\u00e1 Long V\u01b0\u01a1ng<\/span><\/td>\n<td><span style=\"font-weight: 400;\">Jili<\/span><\/td>\n<td><span style=\"font-weight: 400;\">100 VN\u0110<\/span><\/td>\n<td><span style=\"font-weight: 400;\">800x<\/span><\/td>\n<td><span style=\"font-weight: 400;\">V\u0169 kh\u00ed \u0111\u1eb7c bi\u1ec7t mua \u0111\u01b0\u1ee3c<\/span><\/td>\n<\/tr>\n<tr>\n<td><span style=\"font-weight: 400;\">S\u0103n C\u00e1 Si\u00eau Th\u01b0\u1edfng<\/span><\/td>\n<td><span style=\"font-weight: 400;\">KA Gaming<\/span><\/td>\n<td><span style=\"font-weight: 400;\">500 VN\u0110<\/span><\/td>\n<td><span style=\"font-weight: 400;\">1000x<\/span><\/td>\n<td><span style=\"font-weight: 400;\">Jackpot c\u1ed9ng d\u1ed3n<\/span><\/td>\n<\/tr>\n<tr>\n<td><span style=\"font-weight: 400;\">T\u00e2y Du s\u0103n C\u00e1<\/span><\/td>\n<td><span style=\"font-weight: 400;\">Fachai<\/span><\/td>\n<td><span style=\"font-weight: 400;\">200 VN\u0110<\/span><\/td>\n<td><span style=\"font-weight: 400;\">600x<\/span><\/td>\n<td><span style=\"font-weight: 400;\">Ch\u1ebf \u0111\u1ed9 boss li\u00ean ho\u00e0n<\/span><\/td>\n<\/tr>\n<tr>\n<td><span style=\"font-weight: 400;\">C\u00e1 M\u1eadp \u0110\u1ea1i D\u01b0\u01a1ng<\/span><\/td>\n<td><span style=\"font-weight: 400;\">JDB<\/span><\/td>\n<td><span style=\"font-weight: 400;\">100 VN\u0110<\/span><\/td>\n<td><span style=\"font-weight: 400;\">400x<\/span><\/td>\n<td><span style=\"font-weight: 400;\">Bom di\u1ec7n r\u1ed9ng<\/span><\/td>\n<\/tr>\n<tr>\n<td><span style=\"font-weight: 400;\">Ho\u00e0ng Kim B\u1eafn C\u00e1<\/span><\/td>\n<td><span style=\"font-weight: 400;\">CQ9<\/span><\/td>\n<td><span style=\"font-weight: 400;\">300 VN\u0110<\/span><\/td>\n<td><span style=\"font-weight: 400;\">700x<\/span><\/td>\n<td><span style=\"font-weight: 400;\">R\u1ed3ng v\u00e0ng xu\u1ea5t hi\u1ec7n ng\u1eabu nhi\u00ean<\/span><\/td>\n<\/tr>\n<\/tbody>\n<\/table>\n<p>Xem th\u00eam: <a href=\"https:\/\/lv88tv.com\/casino\/\"><strong>Live casino<\/strong><\/a><\/p>\n<h2><b>\u0110\u01a1n v\u1ecb ph\u00e1t h\u00e0nh cung c\u1ea5p game b\u1eafn c\u00e1 h\u1ea5p d\u1eabn nh\u1ea5t hi\u1ec7n nay<\/b><\/h2>\n<p><span style=\"font-weight: 400;\">B\u1eafn c\u00e1 trong s\u1ea3nh \u0111\u01b0\u1ee3c cung c\u1ea5p b\u1edfi c\u00e1c nh\u00e0 ph\u00e1t h\u00e0nh c\u00f3 gi\u1ea5y ph\u00e9p t\u1eeb c\u01a1 quan qu\u1ea3n l\u00fd game qu\u1ed1c t\u1ebf nh\u01b0 PAGCOR v\u1edbi BMM Testlabs. M\u1ed7i \u0111\u01a1n v\u1ecb mang phong c\u00e1ch thi\u1ebft k\u1ebf l\u1eabn c\u01a1 ch\u1ebf th\u01b0\u1edfng ri\u00eang bi\u1ec7t, t\u1ea1o ra s\u1ef1 \u0111a d\u1ea1ng r\u00f5 r\u00e0ng gi\u1eefa c\u00e1c t\u1ef1a game. D\u01b0\u1edbi \u0111\u00e2y l\u00e0 ba nh\u00e0 ph\u00e1t h\u00e0nh ti\u00eau bi\u1ec3u nh\u1ea5t hi\u1ec7n di\u1ec7n trong s\u1ea3nh.<\/span><\/p>\n<h3><b>JDB<\/b><\/h3>\n<p><span style=\"font-weight: 400;\">JDB (Jupiter Dynamic Broadcast) th\u00e0nh l\u1eadp n\u0103m 2007 t\u1ea1i \u0110\u00e0i Loan, chuy\u00ean ph\u00e1t tri\u1ec3n game v\u1edbi \u0111\u1ed3 h\u1ecda 3D s\u1eafc n\u00e9t c\u00f9ng c\u01a1 ch\u1ebf ti\u00eau di\u1ec7t \u0111a m\u1ee5c ti\u00eau. Nh\u00e0 ph\u00e1t h\u00e0nh n\u00e0y n\u1eafm gi\u1eef gi\u1ea5y ph\u00e9p t\u1eeb PAGCOR v\u1edbi danh m\u1ee5c h\u01a1n 30 t\u1ef1a game kh\u00e1c nhau. H\u1ec7 s\u1ed1 nh\u00e2n t\u1ea1i c\u00e1c t\u1ef1a game JDB th\u01b0\u1eddng \u0111\u1ea1t 50-500 l\u1ea7n, thu\u1ed9c nh\u00f3m cao nh\u1ea5t trong ph\u00e2n kh\u00fac th\u1ec3 lo\u1ea1i n\u00e0y.<\/span><\/p>\n<figure id=\"attachment_93\" aria-describedby=\"caption-attachment-93\" style=\"width: 800px\" class=\"wp-caption aligncenter\"><img loading=\"lazy\" decoding=\"async\" class=\"size-full wp-image-93\" src=\"https:\/\/lv88tv.com\/wp-content\/uploads\/2026\/05\/danh-sach-cac-don-vi-phat-hanh-uy-tin-hop-tac-cung-trang-web.webp\" alt=\"Danh s\u00e1ch c\u00e1c \u0111\u01a1n v\u1ecb ph\u00e1t h\u00e0nh uy t\u00edn h\u1ee3p t\u00e1c c\u00f9ng trang web\" width=\"800\" height=\"400\" srcset=\"https:\/\/lv88tv.com\/wp-content\/uploads\/2026\/05\/danh-sach-cac-don-vi-phat-hanh-uy-tin-hop-tac-cung-trang-web.webp 800w, https:\/\/lv88tv.com\/wp-content\/uploads\/2026\/05\/danh-sach-cac-don-vi-phat-hanh-uy-tin-hop-tac-cung-trang-web-300x150.webp 300w, https:\/\/lv88tv.com\/wp-content\/uploads\/2026\/05\/danh-sach-cac-don-vi-phat-hanh-uy-tin-hop-tac-cung-trang-web-768x384.webp 768w\" sizes=\"auto, (max-width: 800px) 100vw, 800px\" \/><figcaption id=\"caption-attachment-93\" class=\"wp-caption-text\">Danh s\u00e1ch c\u00e1c \u0111\u01a1n v\u1ecb ph\u00e1t h\u00e0nh uy t\u00edn h\u1ee3p t\u00e1c c\u00f9ng trang web<\/figcaption><\/figure>\n<h3><b>CQ9<\/b><\/h3>\n<p><span style=\"font-weight: 400;\">CQ9 Gaming cung c\u1ea5p 2 t\u1ef1a game t\u00edch h\u1ee3p trong s\u1ea3nh, v\u1edbi \u0111\u1eb7c \u0111i\u1ec3m n\u1ed5i b\u1eadt l\u00e0 c\u01a1 ch\u1ebf boss xu\u1ea5t hi\u1ec7n theo chu k\u1ef3 gi\u1edd c\u1ee5 th\u1ec3. D\u01b0\u1edbi \u0111\u00e2y l\u00e0 th\u00f4ng s\u1ed1 k\u1ef9 thu\u1eadt c\u1ee7a hai s\u1ea3n ph\u1ea9m CQ9 hi\u1ec7n c\u00f3:<\/span><\/p>\n<table>\n<tbody>\n<tr>\n<td><span style=\"font-weight: 400;\">Th\u00f4ng s\u1ed1<\/span><\/td>\n<td><span style=\"font-weight: 400;\">C\u00e1 V\u00e0ng \u0110\u1ea1i Chi\u1ebfn<\/span><\/td>\n<td><span style=\"font-weight: 400;\">Ho\u00e0ng Kim B\u1eafn C\u00e1<\/span><\/td>\n<\/tr>\n<tr>\n<td><span style=\"font-weight: 400;\">RTP<\/span><\/td>\n<td><span style=\"font-weight: 400;\">96,5%<\/span><\/td>\n<td><span style=\"font-weight: 400;\">95,8%<\/span><\/td>\n<\/tr>\n<tr>\n<td><span style=\"font-weight: 400;\">H\u1ec7 s\u1ed1 boss t\u1ed1i \u0111a<\/span><\/td>\n<td><span style=\"font-weight: 400;\">300x<\/span><\/td>\n<td><span style=\"font-weight: 400;\">700x<\/span><\/td>\n<\/tr>\n<tr>\n<td><span style=\"font-weight: 400;\">C\u01b0\u1ee3c t\u1ed1i thi\u1ec3u<\/span><\/td>\n<td><span style=\"font-weight: 400;\">200 VN\u0110<\/span><\/td>\n<td><span style=\"font-weight: 400;\">300 VN\u0110<\/span><\/td>\n<\/tr>\n<tr>\n<td><span style=\"font-weight: 400;\">Chu k\u1ef3 boss<\/span><\/td>\n<td><span style=\"font-weight: 400;\">15-20 ph\u00fat<\/span><\/td>\n<td><span style=\"font-weight: 400;\">Ng\u1eabu nhi\u00ean<\/span><\/td>\n<\/tr>\n<\/tbody>\n<\/table>\n<h2><b>K\u1ebft lu\u1eadn<\/b><\/h2>\n<p><b>B\u1eafn c\u00e1<\/b><span style=\"font-weight: 400;\"> l\u00e0 th\u1ec3 lo\u1ea1i game k\u1ebft h\u1ee3p gi\u1eefa k\u1ef9 n\u0103ng l\u1eabn may m\u1eafn, ph\u00f9 h\u1ee3p v\u1edbi h\u1ed9i vi\u00ean \u1edf nhi\u1ec1u m\u1ee9c c\u01b0\u1ee3c kh\u00e1c nhau. LV88 t\u1eadp h\u1ee3p c\u00e1c nh\u00e0 ph\u00e1t h\u00e0nh uy t\u00edn v\u1edbi danh m\u1ee5c s\u1ea3n ph\u1ea9m \u0111a d\u1ea1ng c\u00f9ng t\u1ef7 l\u1ec7 ho\u00e0n tr\u1ea3 c\u1ea1nh tranh. H\u00e3y \u0111\u0103ng k\u00fd t\u00e0i kho\u1ea3n \u0111\u1ec3 tr\u1ea3i nghi\u1ec7m tr\u1ef1c ti\u1ebfp s\u1ea3nh game ngay h\u00f4m nay.<\/span><\/p>\n","protected":false},"excerpt":{"rendered":"<p>B\u1eafn C\u00e1 LV88 &#8211; S\u1ea3nh Game \u0110\u1ed5i Th\u01b0\u1edfng H\u00e0ng \u0110\u1ea7u Vi\u1ec7t Nam B\u1eafn c\u00e1 l\u00e0 th\u1ec3 lo\u1ea1i game \u0111\u1ed5i th\u01b0\u1edfng k\u1ebft h\u1ee3p k\u1ef9 n\u0103ng ng\u1eafm b\u1eafn v\u1edbi c\u01a1 ch\u1ebf nh\u1eadn th\u01b0\u1edfng theo t\u1ef7 l\u1ec7 c\u00e1 \u0111\u01b0\u1ee3c ti\u00eau di\u1ec7t. LV88 cung c\u1ea5p chuy\u00ean m\u1ee5c \u0111a d\u1ea1ng v\u1edbi h\u01a1n 20 t\u1ef1a game t\u1eeb c\u00e1c nh\u00e0 ph\u00e1t h\u00e0nh [&#8230;]\n","protected":false},"author":1,"featured_media":0,"parent":0,"menu_order":0,"comment_status":"closed","ping_status":"closed","template":"","meta":{"footnotes":""},"class_list":["post-19","page","type-page","status-publish","hentry"],"_links":{"self":[{"href":"https:\/\/lv88tv.com\/index.php\/wp-json\/wp\/v2\/pages\/19","targetHints":{"allow":["GET"]}}],"collection":[{"href":"https:\/\/lv88tv.com\/index.php\/wp-json\/wp\/v2\/pages"}],"about":[{"href":"https:\/\/lv88tv.com\/index.php\/wp-json\/wp\/v2\/types\/page"}],"author":[{"embeddable":true,"href":"https:\/\/lv88tv.com\/index.php\/wp-json\/wp\/v2\/users\/1"}],"replies":[{"embeddable":true,"href":"https:\/\/lv88tv.com\/index.php\/wp-json\/wp\/v2\/comments?post=19"}],"version-history":[{"count":2,"href":"https:\/\/lv88tv.com\/index.php\/wp-json\/wp\/v2\/pages\/19\/revisions"}],"predecessor-version":[{"id":130,"href":"https:\/\/lv88tv.com\/index.php\/wp-json\/wp\/v2\/pages\/19\/revisions\/130"}],"wp:attachment":[{"href":"https:\/\/lv88tv.com\/index.php\/wp-json\/wp\/v2\/media?parent=19"}],"curies":[{"name":"wp","href":"https:\/\/api.w.org\/{rel}","templated":true}]}}